{"id":1701,"date":"2010-04-13T07:32:39","date_gmt":"2010-04-13T06:32:39","guid":{"rendered":"http:\/\/www.pou-novska.hr\/?page_id=1701"},"modified":"2026-01-03T18:35:41","modified_gmt":"2026-01-03T17:35:41","slug":"javna-nabava","status":"publish","type":"page","link":"https:\/\/www.pou-novska.hr\/?page_id=1701","title":{"rendered":"Dokumenti, javna nabava"},"content":{"rendered":"\n<p><br><\/p>\n\n\n\n<p><strong>SPRE\u010cAVANJE SUKOBA INTERESA<\/strong><\/p>\n\n\n\n<p><a href=\"http:\/\/www.pou-novska.hr\/wp-content\/uploads\/2010\/04\/Izjava-o-nepostojanju-sukoba-interesa-2015-a.pdf\">Izjava ravnatelja o nepostojanju sukoba interesa &#8211; 2015<\/a><\/p>\n\n\n\n<p><a href=\"http:\/\/www.pou-novska.hr\/wp-content\/uploads\/2010\/04\/Izjava-ravnatelja-o-nepostojanju-sukoba-interesa-\u2013-2016-b.pdf\">Izjava ravnatelja o nepostojanju sukoba interesa &#8211; 2016<\/a><\/p>\n\n\n\n<p><a href=\"http:\/\/www.pou-novska.hr\/wp-content\/uploads\/2010\/04\/izjava-o-nepostojanju-sukoba-interesa.pdf\">Izjava ravnatelja o nepostojanju sukoba interesa &#8211; 2017<\/a><\/p>\n\n\n\n<p><a href=\"http:\/\/www.pou-novska.hr\/wp-content\/uploads\/2019\/11\/OBAVIJEST-O-POSTOJANJU-SUKOBA-INTERESA-2019.pdf\">Izjava ravnatelja o nepostojanju sukoba interesa &#8211; 2019<\/a><\/p>\n\n\n\n<div class=\"wp-block-file\"><a id=\"wp-block-file--media-801c1d1c-bfc2-4dea-b727-d16b232cece3\" href=\"http:\/\/www.pou-novska.hr\/wp-content\/uploads\/2022\/08\/OBAVIJEST-O-POSTOJANJU-SUKOBA-INTERESA-2022.pdf\">Izjava ravnatelja o nepostojanju sukoba interesa &#8211; 2022<\/a><a href=\"http:\/\/www.pou-novska.hr\/wp-content\/uploads\/2022\/08\/OBAVIJEST-O-POSTOJANJU-SUKOBA-INTERESA-2022.pdf\" class=\"wp-block-file__button wp-element-button\" download aria-describedby=\"wp-block-file--media-801c1d1c-bfc2-4dea-b727-d16b232cece3\">Preuzmi<\/a><\/div>\n\n\n\n<p><strong>PROCEDURA NAPLATE PRIHODA<\/strong><br><br><a href=\"http:\/\/www.pou-novska.hr\/wp-content\/uploads\/2010\/04\/Procedura-napalte-prihoda.pdf\">Procedura naplate prihoda<\/a><\/p>\n\n\n\n<p><strong>UPRAVNO VIJE\u0106E PU\u010cKOG OTVORENOG U\u010cILI\u0160TA NOVSKA<\/strong><\/p>\n\n\n\n<p><strong>Temeljem \u010dlanka 5.c. Zakona o javnoj nabavi (NN 110\/07, 125\/08) obavje\u0161tavamo :<\/strong><\/p>\n\n\n\n<p><strong>Pu\u010dko otvoreno u\u010dili\u0161te Novska u svom upravnom vije\u0107u ima: <\/strong><br>1. predstavnika osniva\u010da Grada Novske,&nbsp; \u017deljko Ga\u0161parovi\u0107, predsjednik<br>2. predstavnika osniva\u010da Grada Novske,&nbsp; Vi\u0161nja Kamber<br>3. predstavnik radnika, Dominik Mitrovi\u0107<\/p>\n\n\n\n<p>\u010clanovi upravnog odbora ne obavljaju upravlja\u010dku djelatnost niti su vlasnici poslovnih udjela, dionica odnosno drugih prava na temelju kojih sudjeluju u upravljanju odnosno u kapitalu bilo kojeg gospodarskog subjekta s vi\u0161e od 20%, stoga nema gospodarskih subjekata s kojima Pu\u010dko otvoreno u\u010dili\u0161te Novska kao javni naru\u010ditelj ne smije sklapati ugovore o javnoj nabavi u smislu \u010dlanka 5.c Zakona<\/p>\n\n\n\n<p><strong>STATUT PU\u010cKOG OTVORENOG U\u010cILI\u0160TA NOVSKA<\/strong><\/p>\n\n\n\n<div class=\"wp-block-file\"><a id=\"wp-block-file--media-bab0de4b-e5ac-4b86-b2ab-bb8e79ff9588\" href=\"https:\/\/www.pou-novska.hr\/wp-content\/uploads\/2025\/02\/STATUT-POU-NOVSKA-2025.pdf\">Statut Pu\u010dkog otvorenog u\u010dili\u0161ta Novska<\/a><a href=\"https:\/\/www.pou-novska.hr\/wp-content\/uploads\/2025\/02\/STATUT-POU-NOVSKA-2025.pdf\" class=\"wp-block-file__button wp-element-button\" download aria-describedby=\"wp-block-file--media-bab0de4b-e5ac-4b86-b2ab-bb8e79ff9588\">Preuzmi<\/a><\/div>\n\n\n\n<p><strong>PRAVILNIK O RADU PU\u010cKOG OTVORENOG U\u010cILI\u0160TA NOVSKA<\/strong><\/p>\n\n\n\n<div class=\"wp-block-file\"><a id=\"wp-block-file--media-6eab4a88-4ec2-454d-983f-a721e8d343ce\" href=\"https:\/\/www.pou-novska.hr\/wp-content\/uploads\/2025\/02\/PRAVILINIK-O-RADU-POU-NOVSKA-2025.pdf\">Pravilnik o radu Pu\u010dkog otvorenog u\u010dili\u0161ta Novska<\/a><a href=\"https:\/\/www.pou-novska.hr\/wp-content\/uploads\/2025\/02\/PRAVILINIK-O-RADU-POU-NOVSKA-2025.pdf\" class=\"wp-block-file__button wp-element-button\" download aria-describedby=\"wp-block-file--media-6eab4a88-4ec2-454d-983f-a721e8d343ce\">Preuzmi<\/a><\/div>\n\n\n\n<p><strong>PRAVILNIK O KU\u0106NOM REDU<\/strong><\/p>\n\n\n\n<div class=\"wp-block-file\"><a id=\"wp-block-file--media-191fcec8-2bb7-45f3-876b-6405904a5dd3\" href=\"https:\/\/www.pou-novska.hr\/wp-content\/uploads\/2025\/02\/Pravilnik-o-kucnom-redu.pdf\">Pravilnik o ku\u0107nom redu<\/a><a href=\"https:\/\/www.pou-novska.hr\/wp-content\/uploads\/2025\/02\/Pravilnik-o-kucnom-redu.pdf\" class=\"wp-block-file__button wp-element-button\" download aria-describedby=\"wp-block-file--media-191fcec8-2bb7-45f3-876b-6405904a5dd3\">Preuzmi<\/a><\/div>\n\n\n\n<p><strong>ETI\u010cKI KODEKS PU\u010cKOG OTVORENOG U\u010cILI\u0160TA NOVSKA<\/strong><\/p>\n\n\n\n<div class=\"wp-block-file\"><a id=\"wp-block-file--media-5c1b62b2-a514-43c4-998f-e2650d775c80\" href=\"https:\/\/www.pou-novska.hr\/wp-content\/uploads\/2025\/02\/Eticki-kodeks-Puckog-otvorenog-ucilista-Novska.pdf\">Etic\u030cki kodeks Puc\u030ckog otvorenog uc\u030cilis\u030cta Novska<\/a><a href=\"https:\/\/www.pou-novska.hr\/wp-content\/uploads\/2025\/02\/Eticki-kodeks-Puckog-otvorenog-ucilista-Novska.pdf\" class=\"wp-block-file__button wp-element-button\" download aria-describedby=\"wp-block-file--media-5c1b62b2-a514-43c4-998f-e2650d775c80\">Preuzmi<\/a><\/div>\n\n\n\n<p><strong>GODI\u0160NJI PLAN I PROGRAM RADA PU\u010cKOG OTVORENOG U\u010cILI\u0160TA NOVSKA<\/strong><\/p>\n\n\n\n<div class=\"wp-block-file\"><a id=\"wp-block-file--media-6a3a4071-2f4b-4c40-9307-e940afea3fd4\" href=\"https:\/\/www.pou-novska.hr\/wp-content\/uploads\/2025\/02\/Godisnji-plan-i-program-rada-POU-Novska-za-2025-godinu.pdf\">Godis\u030cnji plan i program rada POU Novska za 2025 godinu<\/a><a href=\"https:\/\/www.pou-novska.hr\/wp-content\/uploads\/2025\/02\/Godisnji-plan-i-program-rada-POU-Novska-za-2025-godinu.pdf\" class=\"wp-block-file__button wp-element-button\" download aria-describedby=\"wp-block-file--media-6a3a4071-2f4b-4c40-9307-e940afea3fd4\">Preuzmi<\/a><\/div>\n\n\n\n<p><strong>REGISTAR UGOVORA<\/strong><\/p>\n\n\n\n<p>Registar ugovora o javnoj nabavi i okvirnih sporazuma i sve njegove kasnije promjene bit \u0107e objavljene sukladno Pravilniku o planu nabave, registru ugovora, prethodnom savjetovanju i analizi tr\u017ei\u0161ta u javnoj nabavi (NN broj, 101\/2017) u Elektroni\u010dkom oglasniku javne nabave Republike Hrvatske na <a href=\"https:\/\/eojn.nn.hr\/Oglasnik\/\">https:\/\/eojn.nn.hr\/Oglasnik\/<\/a><\/p>\n\n\n\n<p><strong>PRAVILNIK O PROVEDBI POSTUPAKA JEDNOSTAVNE NABAVE<\/strong><\/p>\n\n\n\n<div class=\"wp-block-file\"><a id=\"wp-block-file--media-abace1e6-10c3-46e9-8496-6087d472c518\" href=\"http:\/\/www.pou-novska.hr\/wp-content\/uploads\/2021\/01\/Pravilnik-o-provedbi-postupaka-jednostavne-nabave-2020.pdf\">Pravilnik o provedbi postupaka jednostavne nabave 2020<\/a><a href=\"http:\/\/www.pou-novska.hr\/wp-content\/uploads\/2021\/01\/Pravilnik-o-provedbi-postupaka-jednostavne-nabave-2020.pdf\" class=\"wp-block-file__button wp-element-button\" download aria-describedby=\"wp-block-file--media-abace1e6-10c3-46e9-8496-6087d472c518\">Preuzmi<\/a><\/div>\n\n\n\n<p><strong>PLAN NABAVE<\/strong><\/p>\n\n\n\n<p>Plan nabave i sve njegove kasnije izmjene i dopune bit \u0107e objavljene sukladno Pravilniku o planu nabave, registru ugovora, prethodnom savjetovanju i analizi tr\u017ei\u0161ta u javnoj nabavi (NN broj, 101\/2017) u Elektroni\u010dkom oglasniku javne nabave Republike Hrvatske na <a href=\"https:\/\/eojn.nn.hr\/Oglasnik\/\">https:\/\/eojn.nn.hr\/Oglasnik\/<\/a><br><\/p>\n\n\n\n<p>.<\/p>\n\n\n\n<div class=\"wp-block-file\"><a id=\"wp-block-file--media-2f03522b-9b0a-4e72-aabf-4d3007fd453e\" href=\"https:\/\/www.pou-novska.hr\/wp-content\/uploads\/2026\/01\/Plan-nabave-za-2026.-godinu.pdf\"><sup>29.12.2025.<\/sup><br>Plan nabave za 2026. godinu<\/a><a href=\"https:\/\/www.pou-novska.hr\/wp-content\/uploads\/2026\/01\/Plan-nabave-za-2026.-godinu.pdf\" class=\"wp-block-file__button wp-element-button\" download aria-describedby=\"wp-block-file--media-2f03522b-9b0a-4e72-aabf-4d3007fd453e\">Preuzmi<\/a><\/div>\n\n\n\n<div class=\"wp-block-file\"><a id=\"wp-block-file--media-33e809d3-ba4b-4863-b91c-77cdafff73ee\" href=\"https:\/\/www.pou-novska.hr\/wp-content\/uploads\/2025\/07\/3.-Izmjene-i-dopune-Plana-nabave-za-2025.pdf\"><sup>10.07.2025.<\/sup><br>3. Izmjene i dopune Plana nabave za 2025. godinu<\/a><a href=\"https:\/\/www.pou-novska.hr\/wp-content\/uploads\/2025\/07\/3.-Izmjene-i-dopune-Plana-nabave-za-2025.pdf\" class=\"wp-block-file__button wp-element-button\" download aria-describedby=\"wp-block-file--media-33e809d3-ba4b-4863-b91c-77cdafff73ee\">Preuzmi<\/a><\/div>\n\n\n\n<div class=\"wp-block-file\"><a id=\"wp-block-file--media-eec07384-e0cc-4c7e-b8da-982d5351fae7\" href=\"https:\/\/www.pou-novska.hr\/wp-content\/uploads\/2025\/03\/2.-Izmjene-i-dopune-Plana-nabave-za-2025.-godinu.pdf\"><sup>18.03.2025.<\/sup><br>2. Izmjene i dopune Plana nabave za 2025. godinu<\/a><a href=\"https:\/\/www.pou-novska.hr\/wp-content\/uploads\/2025\/03\/2.-Izmjene-i-dopune-Plana-nabave-za-2025.-godinu.pdf\" class=\"wp-block-file__button wp-element-button\" download aria-describedby=\"wp-block-file--media-eec07384-e0cc-4c7e-b8da-982d5351fae7\">Preuzmi<\/a><\/div>\n\n\n\n<div class=\"wp-block-file\"><a id=\"wp-block-file--media-55e00ed6-bb2d-4e60-a8a7-228e7b2410a1\" href=\"https:\/\/www.pou-novska.hr\/wp-content\/uploads\/2025\/01\/1.-Izmjene-i-dopune-Plana-nabave-za-2025.pdf\"><sup>17.01.2025.<\/sup><br>1. Izmjene i dopune Plana nabave za 2025. godinu<\/a><a href=\"https:\/\/www.pou-novska.hr\/wp-content\/uploads\/2025\/01\/1.-Izmjene-i-dopune-Plana-nabave-za-2025.pdf\" class=\"wp-block-file__button wp-element-button\" download aria-describedby=\"wp-block-file--media-55e00ed6-bb2d-4e60-a8a7-228e7b2410a1\">Preuzmi<\/a><\/div>\n\n\n\n<div class=\"wp-block-file\"><a id=\"wp-block-file--media-c8c4522a-db19-4d3f-85c0-e70c4ead57c6\" href=\"https:\/\/www.pou-novska.hr\/wp-content\/uploads\/2025\/01\/Plan-nabave-2025.pdf\"><sup>13.12.2024.<\/sup><br>Plan nabave za 2025. godinu<\/a><a href=\"https:\/\/www.pou-novska.hr\/wp-content\/uploads\/2025\/01\/Plan-nabave-2025.pdf\" class=\"wp-block-file__button wp-element-button\" download aria-describedby=\"wp-block-file--media-c8c4522a-db19-4d3f-85c0-e70c4ead57c6\">Preuzmi<\/a><\/div>\n\n\n\n<div class=\"wp-block-file\"><a id=\"wp-block-file--media-50c31b5c-aff5-4930-b6c7-ff652f5f9b04\" href=\"https:\/\/www.pou-novska.hr\/wp-content\/uploads\/2024\/10\/III.-Izmjene-i-dopune-Plana-nabave.pdf\"><sup>30.09.2024.<\/sup><br>3. Izmjene i dopune Plana-nabave za 2024. godinu<\/a><a href=\"https:\/\/www.pou-novska.hr\/wp-content\/uploads\/2024\/10\/III.-Izmjene-i-dopune-Plana-nabave.pdf\" class=\"wp-block-file__button wp-element-button\" download aria-describedby=\"wp-block-file--media-50c31b5c-aff5-4930-b6c7-ff652f5f9b04\">Preuzmi<\/a><\/div>\n\n\n\n<div class=\"wp-block-file\"><a id=\"wp-block-file--media-9e5fbeef-9e00-4c7b-a836-b18efb1e7076\" href=\"https:\/\/www.pou-novska.hr\/wp-content\/uploads\/2024\/07\/II.-Izmjene-i-dopune-Plana-nabave.pdf\"><sup>25.6.2024.<\/sup><br>2. Izmjene i dopune Plana nabave za 2024. godinu<\/a><a href=\"https:\/\/www.pou-novska.hr\/wp-content\/uploads\/2024\/07\/II.-Izmjene-i-dopune-Plana-nabave.pdf\" class=\"wp-block-file__button wp-element-button\" download aria-describedby=\"wp-block-file--media-9e5fbeef-9e00-4c7b-a836-b18efb1e7076\">Preuzmi<\/a><\/div>\n\n\n\n<div class=\"wp-block-file\"><a id=\"wp-block-file--media-15192eb6-f3dd-45e4-bb1d-90c807e512f9\" href=\"https:\/\/www.pou-novska.hr\/wp-content\/uploads\/2024\/04\/1.-Izmjene-i-dupune-plana-nabave-za-2024.-godinu.pdf\"><sup>29.3.2024.<\/sup><br>1.-Izmjene i dupune Plana nabave za 2024.godinu<\/a><a href=\"https:\/\/www.pou-novska.hr\/wp-content\/uploads\/2024\/04\/1.-Izmjene-i-dupune-plana-nabave-za-2024.-godinu.pdf\" class=\"wp-block-file__button wp-element-button\" download aria-describedby=\"wp-block-file--media-15192eb6-f3dd-45e4-bb1d-90c807e512f9\">Preuzmi<\/a><\/div>\n\n\n\n<div class=\"wp-block-file\"><a id=\"wp-block-file--media-11412525-20f4-4e18-a1ac-73879f5edf08\" href=\"https:\/\/www.pou-novska.hr\/wp-content\/uploads\/2023\/12\/Plan-nabave-za-2024.pdf\"><sub>31.12.2023.<\/sub><br>Plan nabave za 2024. godinu<\/a><a href=\"https:\/\/www.pou-novska.hr\/wp-content\/uploads\/2023\/12\/Plan-nabave-za-2024.pdf\" class=\"wp-block-file__button wp-element-button\" download aria-describedby=\"wp-block-file--media-11412525-20f4-4e18-a1ac-73879f5edf08\">Preuzmi<\/a><\/div>\n\n\n\n<div class=\"wp-block-file\"><a id=\"wp-block-file--media-5f8bd610-71a2-4c8b-92f4-2f7c5363227a\" href=\"https:\/\/www.pou-novska.hr\/wp-content\/uploads\/2023\/12\/04-01-II.-Izmjene-i-dopune-Plana-nabave-POU-Novska-za-2023.-godinu.pdf\"><sub>27.10.2023.<br><\/sub>2. Izmjene i dopune Plana nabave za 2023. godinu<\/a><a href=\"https:\/\/www.pou-novska.hr\/wp-content\/uploads\/2023\/12\/04-01-II.-Izmjene-i-dopune-Plana-nabave-POU-Novska-za-2023.-godinu.pdf\" class=\"wp-block-file__button wp-element-button\" download aria-describedby=\"wp-block-file--media-5f8bd610-71a2-4c8b-92f4-2f7c5363227a\">Preuzmi<\/a><\/div>\n\n\n\n<div class=\"wp-block-file\"><a id=\"wp-block-file--media-d4c68634-f3a7-4f7e-bb11-90945547b020\" href=\"http:\/\/www.pou-novska.hr\/wp-content\/uploads\/2023\/01\/Plan-nabave-2023.pdf\"><sub>31.12.2022.<\/sub><br>Plan nabave za 2023. godinu<\/a><a href=\"http:\/\/www.pou-novska.hr\/wp-content\/uploads\/2023\/01\/Plan-nabave-2023.pdf\" class=\"wp-block-file__button wp-element-button\" download aria-describedby=\"wp-block-file--media-d4c68634-f3a7-4f7e-bb11-90945547b020\">Preuzmi<\/a><\/div>\n\n\n\n<div class=\"wp-block-file\"><a id=\"wp-block-file--media-ae962b61-df99-47ff-a933-0555d3a7cd91\" href=\"http:\/\/www.pou-novska.hr\/wp-content\/uploads\/2022\/08\/2.-Izmjene-i-dopune-Plana-nabave-za-2022.-godinu-a.pdf\"><sup>29.7.2022.<\/sup><br>2. Izmjene i dopune Plana nabave za 2022. godinu<\/a><a href=\"http:\/\/www.pou-novska.hr\/wp-content\/uploads\/2022\/08\/2.-Izmjene-i-dopune-Plana-nabave-za-2022.-godinu-a.pdf\" class=\"wp-block-file__button wp-element-button\" download aria-describedby=\"wp-block-file--media-ae962b61-df99-47ff-a933-0555d3a7cd91\">Preuzmi<\/a><\/div>\n\n\n\n<div class=\"wp-block-file\"><a id=\"wp-block-file--media-9e57dd4b-39f0-46c1-9260-37afb71156c8\" href=\"http:\/\/www.pou-novska.hr\/wp-content\/uploads\/2022\/08\/1.-Izmjene-i-dopune-Plana-nabave-za-2022.-godinu-a.pdf\"><sup>30.6.2022.<\/sup><br>1. Izmjene i dopune Plana nabave za 2022. godinu<\/a><a href=\"http:\/\/www.pou-novska.hr\/wp-content\/uploads\/2022\/08\/1.-Izmjene-i-dopune-Plana-nabave-za-2022.-godinu-a.pdf\" class=\"wp-block-file__button wp-element-button\" download aria-describedby=\"wp-block-file--media-9e57dd4b-39f0-46c1-9260-37afb71156c8\">Preuzmi<\/a><\/div>\n\n\n\n<div class=\"wp-block-file\"><a id=\"wp-block-file--media-2e5e6e4b-46f7-47cc-833f-340679e7cd16\" href=\"http:\/\/www.pou-novska.hr\/wp-content\/uploads\/2022\/07\/Plan-nabave-za-2022.-godinu.pdf\"><sup>31.12.2021.<\/sup><br>Plan nabave za 2022. godinu<\/a><a href=\"http:\/\/www.pou-novska.hr\/wp-content\/uploads\/2022\/07\/Plan-nabave-za-2022.-godinu.pdf\" class=\"wp-block-file__button wp-element-button\" download aria-describedby=\"wp-block-file--media-2e5e6e4b-46f7-47cc-833f-340679e7cd16\">Preuzmi<\/a><\/div>\n\n\n\n<div class=\"wp-block-file\"><a id=\"wp-block-file--media-40eb2cde-c2c2-47b5-b868-a55258fec4c1\" href=\"http:\/\/www.pou-novska.hr\/wp-content\/uploads\/2021\/10\/IV-izmjene-plana-nabave-2021.pdf\"><sub>8. listopada 2021.<\/sub><br>4. Izmjene Plana nabave za 2021. godinu<\/a><a href=\"http:\/\/www.pou-novska.hr\/wp-content\/uploads\/2021\/10\/IV-izmjene-plana-nabave-2021.pdf\" class=\"wp-block-file__button wp-element-button\" download aria-describedby=\"wp-block-file--media-40eb2cde-c2c2-47b5-b868-a55258fec4c1\">Preuzmi<\/a><\/div>\n\n\n\n<div class=\"wp-block-file\"><a id=\"wp-block-file--media-c46c82ca-9019-4891-b08a-f456473a048a\" href=\"http:\/\/www.pou-novska.hr\/wp-content\/uploads\/2021\/09\/III-izmjene-plana-nabave-2021.pdf\"><sub>1. rujna 2021. <\/sub><br>3. Izmjene Plana nabave za 2021. godinu<\/a><a href=\"http:\/\/www.pou-novska.hr\/wp-content\/uploads\/2021\/09\/III-izmjene-plana-nabave-2021.pdf\" class=\"wp-block-file__button wp-element-button\" download aria-describedby=\"wp-block-file--media-c46c82ca-9019-4891-b08a-f456473a048a\">Preuzmi<\/a><\/div>\n\n\n\n<div class=\"wp-block-file\"><a id=\"wp-block-file--media-59a4669f-88e1-49b5-ab64-1d36ac30db96\" href=\"http:\/\/www.pou-novska.hr\/wp-content\/uploads\/2021\/07\/20210715082504-page-001-1-scaled.jpg\"><sub>15. srpnja 2021.<\/sub><br>2. Izmjene Plana nabave za 2021. godinu<\/a><a href=\"http:\/\/www.pou-novska.hr\/wp-content\/uploads\/2021\/07\/20210715082504-page-001-1-scaled.jpg\" class=\"wp-block-file__button wp-element-button\" download aria-describedby=\"wp-block-file--media-59a4669f-88e1-49b5-ab64-1d36ac30db96\">Preuzmi<\/a><\/div>\n\n\n\n<div class=\"wp-block-file\"><a id=\"wp-block-file--media-5fa80a4e-1b78-429c-ad1a-44030df73afc\" href=\"http:\/\/www.pou-novska.hr\/wp-content\/uploads\/2021\/06\/1.-Izmjene-Plana-nabave-2021.pdf\"><br><sub>30. o\u017eujka  2021.<\/sub><br>1. Izmjene Plana nabave za 2021. godinu<\/a><a href=\"http:\/\/www.pou-novska.hr\/wp-content\/uploads\/2021\/06\/1.-Izmjene-Plana-nabave-2021.pdf\" class=\"wp-block-file__button wp-element-button\" download aria-describedby=\"wp-block-file--media-5fa80a4e-1b78-429c-ad1a-44030df73afc\">Preuzmi<\/a><\/div>\n\n\n\n<div class=\"wp-block-file\"><a id=\"wp-block-file--media-ef8e32c6-cc2d-4c2d-a440-3ea6dbdb0b13\" href=\"http:\/\/www.pou-novska.hr\/wp-content\/uploads\/2020\/12\/Rpt_PlanNabave-2021.pdf\"><sub>17.  prosinca 2020.<\/sub><br>Plan nabave za 2021. godinu<\/a><a href=\"http:\/\/www.pou-novska.hr\/wp-content\/uploads\/2020\/12\/Rpt_PlanNabave-2021.pdf\" class=\"wp-block-file__button wp-element-button\" download aria-describedby=\"wp-block-file--media-ef8e32c6-cc2d-4c2d-a440-3ea6dbdb0b13\">Preuzmi<\/a><\/div>\n\n\n\n<div class=\"wp-block-file\"><a id=\"wp-block-file--media-c78e22e7-b3c3-40b5-b8d3-af4af159d4b1\" href=\"http:\/\/www.pou-novska.hr\/wp-content\/uploads\/2020\/11\/Plan-nabave-2020-izmjene.pdf\"><br><sub>2. studenog 2020.<\/sub><br>Plan nabave za 2020. godinu &#8211; izmjene<\/a><a href=\"http:\/\/www.pou-novska.hr\/wp-content\/uploads\/2020\/11\/Plan-nabave-2020-izmjene.pdf\" class=\"wp-block-file__button wp-element-button\" download aria-describedby=\"wp-block-file--media-c78e22e7-b3c3-40b5-b8d3-af4af159d4b1\">Preuzmi<\/a><\/div>\n\n\n\n<div class=\"wp-block-file\"><a id=\"wp-block-file--media-09f8c6a0-6529-44f5-aafb-192deac7b809\" href=\"http:\/\/www.pou-novska.hr\/wp-content\/uploads\/2020\/01\/Plan-nabave-2020.pdf\"><br><sub>17. sije\u010dnja 2020.<\/sub><br>Plan nabave za 2020. godinu<\/a><a href=\"http:\/\/www.pou-novska.hr\/wp-content\/uploads\/2020\/01\/Plan-nabave-2020.pdf\" class=\"wp-block-file__button wp-element-button\" download aria-describedby=\"wp-block-file--media-09f8c6a0-6529-44f5-aafb-192deac7b809\">Preuzmi<\/a><\/div>\n\n\n\n<p><strong><sup>2. sije\u010dnja 2019.<\/sup><\/strong><br><a href=\"http:\/\/www.pou-novska.hr\/wp-content\/uploads\/2019\/02\/Plan-nabave-2019.pdf\">Plan nabave za 2019. godinu<\/a><\/p>\n\n\n\n<p><strong><sup>2. sije\u010dnja 2018.<\/sup><br><\/strong><a href=\"http:\/\/www.pou-novska.hr\/wp-content\/uploads\/2010\/04\/Plan-nabave-2018.pdf\">Plan nabave za 2018. godinu<\/a><\/p>\n\n\n\n<p><strong><sup>30. studeni 2017.<\/sup><br><\/strong><a href=\"http:\/\/www.pou-novska.hr\/wp-content\/uploads\/2010\/04\/Plan-nabave-20171.pdf\">Izmjene Plana nabave za&nbsp; 2017. godinu<\/a><\/p>\n\n\n\n<p><strong><sup>05. sije\u010dnja 2017.<\/sup><\/strong><br><a href=\"http:\/\/www.pou-novska.hr\/wp-content\/uploads\/2010\/04\/Plan-nabave-2017.pdf\">Plan nabave za 2017. godinu<\/a><\/p>\n\n\n\n<p><strong><sup>05. sije\u010dnja 2016.<\/sup><\/strong><br><a href=\"http:\/\/www.pou-novska.hr\/wp-content\/uploads\/2010\/04\/Plan-nabave-za-2016-godinu.pdf\">Plan nabave za 2016. godinu<\/a><\/p>\n\n\n\n<p><strong><sup>05. sije\u010dnja 2015.<\/sup><\/strong><a href=\"http:\/\/www.pou-novska.hr\/wp-content\/uploads\/2010\/04\/Plan-nabave-za-2015.pdf\"><br>Plan nabave za 2015. godinu<\/a><\/p>\n\n\n\n<p><strong><sup>02. sije\u010dnja 2014.<\/sup><\/strong><a href=\"http:\/\/www.pou-novska.hr\/wp-content\/uploads\/2010\/04\/Plan-nabave-za-2014.pdf\"><br>Plan nabave za 2014. godinu.<\/a><\/p>\n\n\n\n<p><\/p>\n\n\n\n<p><\/p>\n","protected":false},"excerpt":{"rendered":"<p>SPRE\u010cAVANJE SUKOBA INTERESA Izjava ravnatelja o nepostojanju sukoba interesa &#8211; 2015 Izjava ravnatelja o nepostojanju sukoba interesa &#8211; 2016 Izjava ravnatelja o nepostojanju sukoba interesa &#8211; 2017 Izjava ravnatelja o nepostojanju sukoba interesa &#8211; 2019 PROCEDURA NAPLATE PRIHODA Procedura naplate prihoda UPRAVNO VIJE\u0106E PU\u010cKOG OTVORENOG U\u010cILI\u0160TA NOVSKA Temeljem \u010dlanka 5.c. Zakona o javnoj nabavi (NN [&hellip;]<\/p>\n","protected":false},"author":1,"featured_media":0,"parent":2,"menu_order":5,"comment_status":"closed","ping_status":"closed","template":"","meta":{"footnotes":""},"class_list":["post-1701","page","type-page","status-publish","hentry"],"_links":{"self":[{"href":"https:\/\/www.pou-novska.hr\/index.php?rest_route=\/wp\/v2\/pages\/1701","targetHints":{"allow":["GET"]}}],"collection":[{"href":"https:\/\/www.pou-novska.hr\/index.php?rest_route=\/wp\/v2\/pages"}],"about":[{"href":"https:\/\/www.pou-novska.hr\/index.php?rest_route=\/wp\/v2\/types\/page"}],"author":[{"embeddable":true,"href":"https:\/\/www.pou-novska.hr\/index.php?rest_route=\/wp\/v2\/users\/1"}],"replies":[{"embeddable":true,"href":"https:\/\/www.pou-novska.hr\/index.php?rest_route=%2Fwp%2Fv2%2Fcomments&post=1701"}],"version-history":[{"count":244,"href":"https:\/\/www.pou-novska.hr\/index.php?rest_route=\/wp\/v2\/pages\/1701\/revisions"}],"predecessor-version":[{"id":29692,"href":"https:\/\/www.pou-novska.hr\/index.php?rest_route=\/wp\/v2\/pages\/1701\/revisions\/29692"}],"up":[{"embeddable":true,"href":"https:\/\/www.pou-novska.hr\/index.php?rest_route=\/wp\/v2\/pages\/2"}],"wp:attachment":[{"href":"https:\/\/www.pou-novska.hr\/index.php?rest_route=%2Fwp%2Fv2%2Fmedia&parent=1701"}],"curies":[{"name":"wp","href":"https:\/\/api.w.org\/{rel}","templated":true}]}}