{"id":18820,"date":"2019-01-31T09:46:45","date_gmt":"2019-01-31T08:46:45","guid":{"rendered":"http:\/\/www.pou-novska.hr\/?page_id=18820"},"modified":"2026-01-21T08:43:51","modified_gmt":"2026-01-21T07:43:51","slug":"kino-2","status":"publish","type":"page","link":"https:\/\/www.pou-novska.hr\/?page_id=18820","title":{"rendered":"Kino"},"content":{"rendered":"\n<p style=\"font-size:14px\">Godine 1928. odr\u017eana je prva kinopredstava u Novskoj u dvori\u0161tu obiteljske ku\u0107e Ivana Pejakovi\u0107a u tada\u0161njoj Kolodvorskoj ulici na ku\u0107nom broju 26. Isti prostor se koristio i za nastupe amaterske gluma\u010dke dru\u017eine novljanskih obrtnika. Filmove je prikazivala obitelj Ko\u010dka \u010dije su k\u0107eri bile i artistice te izvodile svoje gluma\u010dke to\u010dke prije filmskih predstava.<\/p>\n\n\n\n<p style=\"font-size:14px\">Pokraj zgrade u Ulici kralja Tomislava u kojoj se kasnije nalazilo i kino, vlasnik je dao postaviti slavoluk s natpisom \u201eKino Edison\u201c u \u010dast izumitelju kina. Sredinom 30-ih godina 20. stolje\u0107a kinopredstave su za Novljane va\u017ean dio kulturnog \u017eivota. Iz povijesnih zapisa vidi se kako su \u201egledatelji o\u010darani pokretnim slikama\u201c. Naj\u010de\u0161\u0107e su se gledali filmski \u017eurnali, ali i filmovi koji u Novsku sti\u017eu iz Zagreba \u017eeljeznicom kao \u201ebrzim i redovitim prometnim sredstvom\u201c.<\/p>\n\n\n\n<p style=\"font-size:14px\"> Ma\u0111arska obitelj Fodor doseliv\u0161i se iz Vojvodine u Novsku prije Drugog svjetskog rata sa sobom donosi i prvu kino opremu za prikazivanje filmova s tonom. Kino se tada nalazilo u Hrvatskom domu u Osje\u010dkoj ulici. Danas se na tom mjestu nalazi Vatrogasni dom.<br>Filmski programi prire\u0111ivani su i u nekada\u0161njem hotelu \u201eKnopp\u201c kojeg je krajem 19. stolje\u0107a sagradio trgovac i veleposjednik Adalbert Knopp. Osim plesnih zabava, koncerata i predstava putuju\u0107ih kazali\u0161nih skupina gra\u0111ani su mogli gledati i filmove.<\/p>\n\n\n\n<p style=\"font-size:14px\">Kino \u201ePartizan\u201c zapo\u010delo je s radom 1946. godine. Kino na uglu dana\u0161nje Ulice kralja Tomislava i Zagreba\u010dke prikazivalo je filmove svakog dana u tjednu osim petka. Kino je raspolagalo sa 190 sjedala.<\/p>\n\n\n\n<p style=\"font-size:14px\">Krajem 50-ih godina zapo\u010delo se s izgradnjom novog kina na dana\u0161njem trgu dr. Franje Tu\u0111mana. Za potrebe tada\u0161nje gradnje na popisu za ru\u0161enje na\u0161le su se brojne starinske ku\u0107e i zgrade pa je i za novo kino sru\u0161ena ure\u0111ena jednokatnica s u\u010diteljskim stanovima.<br>Na novoj lokaciji kino je radilo pri Narodnom sveu\u010dili\u0161tu Novska.<\/p>\n\n\n\n<p style=\"font-size:14px\">4. listopada 1991. kada je po\u010detkom Domovinskog rata raketirano samo sredi\u0161te Novske stradalo je i kino, kao i \u010ditava zgrada Narodnog sveu\u010dili\u0161ta Novska. Zgrada kina obnovljena je 1992. godine, a s ponovnim projekcijama kino je zapo\u010delo 1993. godine.<\/p>\n\n\n\n<p style=\"font-size:14px\">Godine 2008. kino dvorana nanovo je potpuno ure\u0111ena te opremljena s najsuvremenijom opremom iz tog vremena.  Ure\u0111en je kompletan interijer dvorane te vanjski dio zgrade. Dvorana je tada opremljena novim stolicama, Dolby 5.1 razglasnim sustavom, 35mm projektorom Ernemann 15,  konferencijskim razglasom i opremom, te kazali\u0161nom rasvjetom i opremom.  Osim za kino, dvorana je predvi\u0111ena i za ostale kulturne te obrazovne sadr\u017eaje.<\/p>\n\n\n\n<p style=\"font-size:14px\">Krajem 2013. godine kino dvorana je dodatno opremljena digitalnim projektorom Barco 15C i dodatnom opremom za mogu\u0107nost prikazivanja 3D projekcija, te se na taj na\u010din svrstala uz bok svim modernim kino dvoranama. <\/p>\n\n\n\n<p style=\"font-size:14px\">Kontinuirano se ula\u017ee u prostor i opremu te edukaciju zaposlenika, kako bi se moglo pratiti nove svjetske trendove u kinoprikaziva\u010dkoj djelatnosti, te pru\u017eiti gra\u0111anima mogu\u0107nost pra\u0107enja najnovijih filmskih ostvarenja u na\u0161em kinu.<\/p>\n","protected":false},"excerpt":{"rendered":"<p>Godine 1928. odr\u017eana je prva kinopredstava u Novskoj u dvori\u0161tu obiteljske ku\u0107e Ivana Pejakovi\u0107a u tada\u0161njoj Kolodvorskoj ulici na ku\u0107nom broju 26. Isti prostor se koristio i za nastupe amaterske gluma\u010dke dru\u017eine novljanskih obrtnika. Filmove je prikazivala obitelj Ko\u010dka \u010dije su k\u0107eri bile i artistice te izvodile svoje gluma\u010dke to\u010dke prije filmskih predstava. Pokraj zgrade [&hellip;]<\/p>\n","protected":false},"author":1,"featured_media":0,"parent":39,"menu_order":31,"comment_status":"closed","ping_status":"closed","template":"","meta":{"footnotes":""},"class_list":["post-18820","page","type-page","status-publish","hentry"],"_links":{"self":[{"href":"https:\/\/www.pou-novska.hr\/index.php?rest_route=\/wp\/v2\/pages\/18820","targetHints":{"allow":["GET"]}}],"collection":[{"href":"https:\/\/www.pou-novska.hr\/index.php?rest_route=\/wp\/v2\/pages"}],"about":[{"href":"https:\/\/www.pou-novska.hr\/index.php?rest_route=\/wp\/v2\/types\/page"}],"author":[{"embeddable":true,"href":"https:\/\/www.pou-novska.hr\/index.php?rest_route=\/wp\/v2\/users\/1"}],"replies":[{"embeddable":true,"href":"https:\/\/www.pou-novska.hr\/index.php?rest_route=%2Fwp%2Fv2%2Fcomments&post=18820"}],"version-history":[{"count":14,"href":"https:\/\/www.pou-novska.hr\/index.php?rest_route=\/wp\/v2\/pages\/18820\/revisions"}],"predecessor-version":[{"id":29791,"href":"https:\/\/www.pou-novska.hr\/index.php?rest_route=\/wp\/v2\/pages\/18820\/revisions\/29791"}],"up":[{"embeddable":true,"href":"https:\/\/www.pou-novska.hr\/index.php?rest_route=\/wp\/v2\/pages\/39"}],"wp:attachment":[{"href":"https:\/\/www.pou-novska.hr\/index.php?rest_route=%2Fwp%2Fv2%2Fmedia&parent=18820"}],"curies":[{"name":"wp","href":"https:\/\/api.w.org\/{rel}","templated":true}]}}