{"id":2,"date":"2009-09-11T12:56:29","date_gmt":"2009-09-11T10:56:29","guid":{"rendered":"http:\/\/pou-novska.hr.lin6.c-a.hr\/?page_id=2"},"modified":"2024-12-03T07:13:56","modified_gmt":"2024-12-03T06:13:56","slug":"about","status":"publish","type":"page","link":"https:\/\/www.pou-novska.hr\/?page_id=2","title":{"rendered":"O NAMA"},"content":{"rendered":"\n<p><br>Djelatnosti u\u010dili\u0161ta na podru\u010dju Grada Novske ba\u0161tine se od 1951. godine i to kroz djelovanje svojih pravnih prednika i to:<\/p>\n\n\n\n<ul class=\"wp-block-list\">\n<li>Radni\u010dkog sveu\u010dili\u0161ta Novska, od 1951. godine,<\/li>\n\n\n\n<li>Narodnog sveu\u010dili\u0161ta Novska, pravnog prednika Radni\u010dkog sveu\u010dili\u0161ta Novska, od 1963. godine i<\/li>\n\n\n\n<li>Pu\u010dkog otvorenog u\u010dili\u0161ta Novska, pravnog prednika Narodnog sveu\u010dili\u0161ta Novska, od 1998. godine.<\/li>\n<\/ul>\n\n\n\n<p><\/p>\n\n\n\n<p><\/p>\n\n\n\n<p>Trenutno se u\u010dili\u0161te bavi prikazivanjem filmova u kinu, organiziranjem kazali\u0161nih gostovanja, pripremom i organizacijom kulturnih manifestacija u Gradu Novska, te naravno obrazovanjem odraslih. <\/p>\n\n\n\n<p>Kroz obrazovanje odraslih od 2003.&nbsp; g. u prosjeku godi\u0161nje pro\u0111e oko 200 polaznika za razli\u010dite programe (srednja \u0161kola III i IV stupanj, informatika, strani jezici, poljoprivredni program, rukovatelji gra\u0111evinskim strojevima, knjigovo\u0111e, kerami\u010dari, kuhari, konobari&#8230;). Svi ovi programi su verificirani od Ministarstva, te se kao takvi upisuju u radnu knji\u017eicu. <\/p>\n\n\n\n<p>Na\u0161im radom smo omogu\u0107ili ne samo stanovnicima na\u0161eg grada nego i stanovnicima \u0161ire regije kvalitetno i jeftinije obrazovanje. Imamo i povratne informacije kako su navedeni programi pomogli u zapo\u0161ljavanju i upisivanju na visoko\u0161kolske programe.<\/p>\n\n\n\n<p>Vezano za na\u0161u kulturnu djelatnost, ve\u0107  godinama imamo redovitu kazali\u0161nu sezonu u kojoj na\u0161i gra\u0111ani mogu gledati najpoznatije gostuju\u0107e predstave na mjese\u010dnoj bazi. <\/p>\n\n\n\n<p>U na\u0161oj galeriji se redovito odr\u017eavaju izlo\u017ebe kako doma\u0107ih, tako i autora van na\u0161ega grada. <\/p>\n\n\n\n<p>Kino projekcije se odr\u017eavaju redovito svakog vikenda, te u posebnim organiziranim prilikama. <\/p>\n\n\n\n<p>Uskoro se o\u010dekuje i otvorenje &#8220;Muzejske zbirke Sajko&#8221;, po\u0161to je djelatnost u\u010dili\u0161ta pro\u0161irena i na muzejsku djelatnost.<\/p>\n\n\n\n<p>Osim svih kulturnih djelatnosti kojima se bavimo, \u010desto je na\u0161a dvorana kulturno sredi\u0161te na\u0161ega grada za sve druge subjekte koji imaju potrebu za ovakvim prostorom. <\/p>\n\n\n\n<p>Pu\u010dko otvoreno u\u010dili\u0161te Novska je svakako kulturno sredi\u0161te Grada Novske te okolice jer ukoliko nije organizator, onda svakako sudjeluje u manifestacijama u na\u0161em gradu. <\/p>\n\n\n\n<p> <br><\/p>\n","protected":false},"excerpt":{"rendered":"<p>Djelatnosti u\u010dili\u0161ta na podru\u010dju Grada Novske ba\u0161tine se od 1951. godine i to kroz djelovanje svojih pravnih prednika i to: Trenutno se u\u010dili\u0161te bavi prikazivanjem filmova u kinu, organiziranjem kazali\u0161nih gostovanja, pripremom i organizacijom kulturnih manifestacija u Gradu Novska, te naravno obrazovanjem odraslih. Kroz obrazovanje odraslih od 2003.&nbsp; g. u prosjeku godi\u0161nje pro\u0111e oko 200 [&hellip;]<\/p>\n","protected":false},"author":1,"featured_media":0,"parent":0,"menu_order":1,"comment_status":"closed","ping_status":"open","template":"","meta":{"footnotes":""},"class_list":["post-2","page","type-page","status-publish","hentry"],"_links":{"self":[{"href":"https:\/\/www.pou-novska.hr\/index.php?rest_route=\/wp\/v2\/pages\/2","targetHints":{"allow":["GET"]}}],"collection":[{"href":"https:\/\/www.pou-novska.hr\/index.php?rest_route=\/wp\/v2\/pages"}],"about":[{"href":"https:\/\/www.pou-novska.hr\/index.php?rest_route=\/wp\/v2\/types\/page"}],"author":[{"embeddable":true,"href":"https:\/\/www.pou-novska.hr\/index.php?rest_route=\/wp\/v2\/users\/1"}],"replies":[{"embeddable":true,"href":"https:\/\/www.pou-novska.hr\/index.php?rest_route=%2Fwp%2Fv2%2Fcomments&post=2"}],"version-history":[{"count":17,"href":"https:\/\/www.pou-novska.hr\/index.php?rest_route=\/wp\/v2\/pages\/2\/revisions"}],"predecessor-version":[{"id":28197,"href":"https:\/\/www.pou-novska.hr\/index.php?rest_route=\/wp\/v2\/pages\/2\/revisions\/28197"}],"wp:attachment":[{"href":"https:\/\/www.pou-novska.hr\/index.php?rest_route=%2Fwp%2Fv2%2Fmedia&parent=2"}],"curies":[{"name":"wp","href":"https:\/\/api.w.org\/{rel}","templated":true}]}}