{"id":21960,"date":"2020-05-20T10:26:11","date_gmt":"2020-05-20T09:26:11","guid":{"rendered":"http:\/\/www.pou-novska.hr\/?page_id=21960"},"modified":"2022-04-21T07:57:41","modified_gmt":"2022-04-21T06:57:41","slug":"o-muzeju","status":"publish","type":"page","link":"https:\/\/www.pou-novska.hr\/?page_id=21960","title":{"rendered":"O muzeju"},"content":{"rendered":"<p><a href=\"http:\/\/www.pou-novska.hr\/wp-content\/uploads\/2022\/04\/ulaz-2.jpg\"><img loading=\"lazy\" decoding=\"async\" class=\" wp-image-24394 alignleft\" src=\"http:\/\/www.pou-novska.hr\/wp-content\/uploads\/2022\/04\/ulaz-2-300x205.jpg\" alt=\"\" width=\"300\" height=\"205\" srcset=\"https:\/\/www.pou-novska.hr\/wp-content\/uploads\/2022\/04\/ulaz-2-300x205.jpg 300w, https:\/\/www.pou-novska.hr\/wp-content\/uploads\/2022\/04\/ulaz-2-1024x700.jpg 1024w, https:\/\/www.pou-novska.hr\/wp-content\/uploads\/2022\/04\/ulaz-2-768x525.jpg 768w, https:\/\/www.pou-novska.hr\/wp-content\/uploads\/2022\/04\/ulaz-2-1536x1050.jpg 1536w, https:\/\/www.pou-novska.hr\/wp-content\/uploads\/2022\/04\/ulaz-2-110x75.jpg 110w, https:\/\/www.pou-novska.hr\/wp-content\/uploads\/2022\/04\/ulaz-2-420x287.jpg 420w, https:\/\/www.pou-novska.hr\/wp-content\/uploads\/2022\/04\/ulaz-2-629x430.jpg 629w, https:\/\/www.pou-novska.hr\/wp-content\/uploads\/2022\/04\/ulaz-2.jpg 1751w\" sizes=\"auto, (max-width: 300px) 100vw, 300px\" \/><\/a>Muzejska zavi\u010dajna zbirka Grada Novske smje\u0161tena je u centru Novske u sklopu zgrade Pu\u010dkog otvorenog u\u010dili\u0161ta u prostorijama gdje je nekada bila Glazbena \u0161kola.<\/p>\n<p>Prostor je 2018. godine u potpunosti renoviran, a njegovo ure\u0111enje i opremanje zavr\u0161eno je u 2019. godini. Muzej je sve\u010dano otvoren 27. rujna 2019. godine.<\/p>\n<p>Dra\u017een Ku\u0161en, arhivist u Dr\u017eavnom arhivu u Osijeku, odabrao je predmete i uredio stalni postav, a opremanje prostora i dizajn su odradili Domagoj i Marin Topi\u0107 iz osje\u010dkog Foto ART studija.<\/p>\n<p>Muzej su sve\u010dano otvorili Kre\u0161imir Partl, dr\u017eavni tajnik Ministarstva kulture, Marin Pileti\u0107 gradona\u010delnik Grada Novske te \u017divko Sajko, sakuplja\u010d.<a href=\"http:\/\/www.pou-novska.hr\/wp-content\/uploads\/2022\/04\/MZZGN-otvorenje-8_1-1-scaled.jpg\"><img loading=\"lazy\" decoding=\"async\" class=\" wp-image-24393 alignright\" src=\"http:\/\/www.pou-novska.hr\/wp-content\/uploads\/2022\/04\/MZZGN-otvorenje-8_1-1-300x200.jpg\" alt=\"\" width=\"263\" height=\"176\" srcset=\"https:\/\/www.pou-novska.hr\/wp-content\/uploads\/2022\/04\/MZZGN-otvorenje-8_1-1-300x200.jpg 300w, https:\/\/www.pou-novska.hr\/wp-content\/uploads\/2022\/04\/MZZGN-otvorenje-8_1-1-1024x683.jpg 1024w, https:\/\/www.pou-novska.hr\/wp-content\/uploads\/2022\/04\/MZZGN-otvorenje-8_1-1-768x512.jpg 768w, https:\/\/www.pou-novska.hr\/wp-content\/uploads\/2022\/04\/MZZGN-otvorenje-8_1-1-1536x1024.jpg 1536w, https:\/\/www.pou-novska.hr\/wp-content\/uploads\/2022\/04\/MZZGN-otvorenje-8_1-1-2048x1365.jpg 2048w, https:\/\/www.pou-novska.hr\/wp-content\/uploads\/2022\/04\/MZZGN-otvorenje-8_1-1-110x73.jpg 110w, https:\/\/www.pou-novska.hr\/wp-content\/uploads\/2022\/04\/MZZGN-otvorenje-8_1-1-420x280.jpg 420w, https:\/\/www.pou-novska.hr\/wp-content\/uploads\/2022\/04\/MZZGN-otvorenje-8_1-1-645x430.jpg 645w\" sizes=\"auto, (max-width: 263px) 100vw, 263px\" \/><\/a><\/p>\n<p>Temelj ove Zbirke je Muzejska zbirka obitelji Sajko, zbirka starih predmeta nastala tijekom gotovo pola stolje\u0107a prikupljanja i oboga\u0107ivanja, radom kolekcionara \u017divka Sajka i njegovog sina \u017deljka, te se ubraja me\u0111u najraznovrsnije zbirke predmeta na podru\u010dju Sisa\u010dko-moslava\u010dke \u017eupanije.<\/p>\n<p>Zbirka kulturno-povijesnih predmeta Sajko ima svojstvo kulturnoga dobra i upisana je u Registar kulturnih dobara RH. U zbirci se \u010duvaju vrijedni i raznovrsni predmeti kulturne ba\u0161tine novljanskog kraja iz \u0161irokog vremenskog raspona od prapovijesti do Domovinskog rata. Postupak zbrinjavanja i prezentacije vrijedne <a href=\"http:\/\/www.pou-novska.hr\/wp-content\/uploads\/2022\/04\/MZZGN-otvorenje-17_1-scaled.jpg\"><img loading=\"lazy\" decoding=\"async\" class=\"size-medium wp-image-24397 alignleft\" src=\"http:\/\/www.pou-novska.hr\/wp-content\/uploads\/2022\/04\/MZZGN-otvorenje-17_1-300x200.jpg\" alt=\"\" width=\"300\" height=\"200\" srcset=\"https:\/\/www.pou-novska.hr\/wp-content\/uploads\/2022\/04\/MZZGN-otvorenje-17_1-300x200.jpg 300w, https:\/\/www.pou-novska.hr\/wp-content\/uploads\/2022\/04\/MZZGN-otvorenje-17_1-1024x683.jpg 1024w, https:\/\/www.pou-novska.hr\/wp-content\/uploads\/2022\/04\/MZZGN-otvorenje-17_1-768x512.jpg 768w, https:\/\/www.pou-novska.hr\/wp-content\/uploads\/2022\/04\/MZZGN-otvorenje-17_1-1536x1024.jpg 1536w, https:\/\/www.pou-novska.hr\/wp-content\/uploads\/2022\/04\/MZZGN-otvorenje-17_1-2048x1365.jpg 2048w, https:\/\/www.pou-novska.hr\/wp-content\/uploads\/2022\/04\/MZZGN-otvorenje-17_1-110x73.jpg 110w, https:\/\/www.pou-novska.hr\/wp-content\/uploads\/2022\/04\/MZZGN-otvorenje-17_1-420x280.jpg 420w, https:\/\/www.pou-novska.hr\/wp-content\/uploads\/2022\/04\/MZZGN-otvorenje-17_1-645x430.jpg 645w\" sizes=\"auto, (max-width: 300px) 100vw, 300px\" \/><\/a>kulturno-povijesne zbirke Sajko od strane Grada Novske i Pu\u010dkog otvorenog u\u010dili\u0161ta izniman je doprinos o\u010duvanju kulturne ba\u0161tine za budu\u0107e nara\u0161taje.<\/p>\n<p>Stalni postav Muzejsko zavi\u010dajne zbirke Grada Novske obuhva\u0107a 341 predmet iz 9 razli\u010ditih podru\u010dja, od arheologije, gospodarskog razvitka, prometa, svakodnevnog \u017eivota, crkvenih predmeta, razglednica i fotografija, vatrogasne opreme, starog oru\u017eja i opreme do domovinskog rata.<\/p>\n<p><a href=\"http:\/\/www.pou-novska.hr\/wp-content\/uploads\/2022\/04\/MG_5753_1.jpg\"><img loading=\"lazy\" decoding=\"async\" class=\"alignnone  wp-image-24398\" src=\"http:\/\/www.pou-novska.hr\/wp-content\/uploads\/2022\/04\/MG_5753_1-300x200.jpg\" alt=\"\" width=\"294\" height=\"196\" srcset=\"https:\/\/www.pou-novska.hr\/wp-content\/uploads\/2022\/04\/MG_5753_1-300x200.jpg 300w, https:\/\/www.pou-novska.hr\/wp-content\/uploads\/2022\/04\/MG_5753_1-1024x683.jpg 1024w, https:\/\/www.pou-novska.hr\/wp-content\/uploads\/2022\/04\/MG_5753_1-768x512.jpg 768w, https:\/\/www.pou-novska.hr\/wp-content\/uploads\/2022\/04\/MG_5753_1-1536x1024.jpg 1536w, https:\/\/www.pou-novska.hr\/wp-content\/uploads\/2022\/04\/MG_5753_1-110x73.jpg 110w, https:\/\/www.pou-novska.hr\/wp-content\/uploads\/2022\/04\/MG_5753_1-420x280.jpg 420w, https:\/\/www.pou-novska.hr\/wp-content\/uploads\/2022\/04\/MG_5753_1-645x430.jpg 645w, https:\/\/www.pou-novska.hr\/wp-content\/uploads\/2022\/04\/MG_5753_1.jpg 1600w\" sizes=\"auto, (max-width: 294px) 100vw, 294px\" \/><\/a><\/p>\n<p><a href=\"http:\/\/www.pou-novska.hr\/wp-content\/uploads\/2022\/04\/MG_9005_1.jpg\"><img loading=\"lazy\" decoding=\"async\" class=\"alignnone  wp-image-24399\" src=\"http:\/\/www.pou-novska.hr\/wp-content\/uploads\/2022\/04\/MG_9005_1-300x168.jpg\" alt=\"\" width=\"347\" height=\"195\" srcset=\"https:\/\/www.pou-novska.hr\/wp-content\/uploads\/2022\/04\/MG_9005_1-300x168.jpg 300w, https:\/\/www.pou-novska.hr\/wp-content\/uploads\/2022\/04\/MG_9005_1-1024x575.jpg 1024w, https:\/\/www.pou-novska.hr\/wp-content\/uploads\/2022\/04\/MG_9005_1-768x431.jpg 768w, https:\/\/www.pou-novska.hr\/wp-content\/uploads\/2022\/04\/MG_9005_1-1536x862.jpg 1536w, https:\/\/www.pou-novska.hr\/wp-content\/uploads\/2022\/04\/MG_9005_1-110x62.jpg 110w, https:\/\/www.pou-novska.hr\/wp-content\/uploads\/2022\/04\/MG_9005_1-420x236.jpg 420w, https:\/\/www.pou-novska.hr\/wp-content\/uploads\/2022\/04\/MG_9005_1-248x138.jpg 248w, https:\/\/www.pou-novska.hr\/wp-content\/uploads\/2022\/04\/MG_9005_1-770x430.jpg 770w, https:\/\/www.pou-novska.hr\/wp-content\/uploads\/2022\/04\/MG_9005_1-766x430.jpg 766w, https:\/\/www.pou-novska.hr\/wp-content\/uploads\/2022\/04\/MG_9005_1.jpg 1600w\" sizes=\"auto, (max-width: 347px) 100vw, 347px\" \/><\/a><\/p>\n<p>Uz muzejsku zbirku otvorena je i stalna izlo\u017eba namje\u0161taja prve novljanske ljekarne \u201eSv. Marija\u201c u Novskoj ljekarnika Alexiusa Heinricha Drapczynskog. Namje\u0161taj ljekarne je sa\u010duvan i restauriran te u Gradskoj knji\u017enici i \u010ditaonici \u201eAnte Jagar\u201c mo\u017eete \u010duti i vidjeti zanimljivosti o tom jedinom za\u0161ti\u0107enom pokretnom kulturnom dobru na podru\u010dju grada Novske.<\/p>\n<p>\u00a0<\/p>\n\n\n<p><\/p>\n","protected":false},"excerpt":{"rendered":"<p>Muzejska zavi\u010dajna zbirka Grada Novske smje\u0161tena je u centru Novske u sklopu zgrade Pu\u010dkog otvorenog u\u010dili\u0161ta u prostorijama gdje je nekada bila Glazbena \u0161kola. Prostor je 2018. godine u potpunosti renoviran, a njegovo ure\u0111enje i opremanje zavr\u0161eno je u 2019. godini. Muzej je sve\u010dano otvoren 27. rujna 2019. godine. Dra\u017een Ku\u0161en, arhivist u Dr\u017eavnom arhivu [&hellip;]<\/p>\n","protected":false},"author":1,"featured_media":0,"parent":21784,"menu_order":26,"comment_status":"closed","ping_status":"closed","template":"","meta":{"footnotes":""},"class_list":["post-21960","page","type-page","status-publish","hentry"],"_links":{"self":[{"href":"https:\/\/www.pou-novska.hr\/index.php?rest_route=\/wp\/v2\/pages\/21960","targetHints":{"allow":["GET"]}}],"collection":[{"href":"https:\/\/www.pou-novska.hr\/index.php?rest_route=\/wp\/v2\/pages"}],"about":[{"href":"https:\/\/www.pou-novska.hr\/index.php?rest_route=\/wp\/v2\/types\/page"}],"author":[{"embeddable":true,"href":"https:\/\/www.pou-novska.hr\/index.php?rest_route=\/wp\/v2\/users\/1"}],"replies":[{"embeddable":true,"href":"https:\/\/www.pou-novska.hr\/index.php?rest_route=%2Fwp%2Fv2%2Fcomments&post=21960"}],"version-history":[{"count":10,"href":"https:\/\/www.pou-novska.hr\/index.php?rest_route=\/wp\/v2\/pages\/21960\/revisions"}],"predecessor-version":[{"id":24401,"href":"https:\/\/www.pou-novska.hr\/index.php?rest_route=\/wp\/v2\/pages\/21960\/revisions\/24401"}],"up":[{"embeddable":true,"href":"https:\/\/www.pou-novska.hr\/index.php?rest_route=\/wp\/v2\/pages\/21784"}],"wp:attachment":[{"href":"https:\/\/www.pou-novska.hr\/index.php?rest_route=%2Fwp%2Fv2%2Fmedia&parent=21960"}],"curies":[{"name":"wp","href":"https:\/\/api.w.org\/{rel}","templated":true}]}}