{"id":22042,"date":"2020-06-05T08:26:06","date_gmt":"2020-06-05T07:26:06","guid":{"rendered":"http:\/\/www.pou-novska.hr\/?page_id=22042"},"modified":"2020-06-05T08:30:18","modified_gmt":"2020-06-05T07:30:18","slug":"ekoloski-poljoprivredni-gospodarstvenik","status":"publish","type":"page","link":"https:\/\/www.pou-novska.hr\/?page_id=22042","title":{"rendered":"Ekolo\u0161ki poljoprivredni gospodarstvenik"},"content":{"rendered":"\n<div class=\"wp-block-image\"><figure class=\"alignleft size-large\"><img loading=\"lazy\" decoding=\"async\" width=\"300\" height=\"200\" src=\"http:\/\/www.pou-novska.hr\/wp-content\/uploads\/2020\/06\/ekolos-gosp-1.jpg\" alt=\"\" class=\"wp-image-22047\" srcset=\"https:\/\/www.pou-novska.hr\/wp-content\/uploads\/2020\/06\/ekolos-gosp-1.jpg 300w, https:\/\/www.pou-novska.hr\/wp-content\/uploads\/2020\/06\/ekolos-gosp-1-110x73.jpg 110w\" sizes=\"auto, (max-width: 300px) 100vw, 300px\" \/><\/figure><\/div>\n\n\n\n<p>Ekolo\u0161ka poljoprivreda je poseban sustav odr\u017eivoga gospodarenja u poljoprivredi i \u0161umarstvu. <\/p>\n\n\n\n<p>Obuhva\u0107a uzgoj bilja i \u017eivotinja, proizvodnju hrane, sirovina i prirodnih vlakana te preradu primarnih proizvoda. <\/p>\n\n\n\n<p>Uklju\u010duje sve ekolo\u0161ki, gospodarski i dru\u0161tveno opravdane proizvodno-tehnolo\u0161ke metode, zahvate i sustave, najpovoljnije koriste\u0107i plodnost tla i raspolo\u017eive vode, prirodna svojstva biljaka, \u017eivotinja i krajobraza, pove\u0107anje prinosa i otpornosti biljaka s pomo\u0107u pri\u00adrod\u00adnih sila i zakona, uz propisanu uporabu gnojiva, sredstava za za\u0161titu bilja i \u017eivotinja. <\/p>\n\n\n\n<p>Program ekolo\u0161kog poljoprivrednog gospodarstvenika vas osposobljava za sve navedeno.<\/p>\n\n\n\n<p><strong>Za upis je dovoljna zavr\u0161ena osnovna \u0161kola i navr\u0161enih 18 godina.<\/strong><\/p>\n\n\n\n<p><strong>Potrebni dokumenti :<\/strong><br>1.&nbsp; rodni list<br>2.&nbsp; svjedod\u017eba zadnjeg zavr\u0161enog razreda<\/p>\n","protected":false},"excerpt":{"rendered":"<p>Ekolo\u0161ka poljoprivreda je poseban sustav odr\u017eivoga gospodarenja u poljoprivredi i \u0161umarstvu. Obuhva\u0107a uzgoj bilja i \u017eivotinja, proizvodnju hrane, sirovina i prirodnih vlakana te preradu primarnih proizvoda. Uklju\u010duje sve ekolo\u0161ki, gospodarski i dru\u0161tveno opravdane proizvodno-tehnolo\u0161ke metode, zahvate i sustave, najpovoljnije koriste\u0107i plodnost tla i raspolo\u017eive vode, prirodna svojstva biljaka, \u017eivotinja i krajobraza, pove\u0107anje prinosa i otpornosti [&hellip;]<\/p>\n","protected":false},"author":1,"featured_media":0,"parent":20,"menu_order":0,"comment_status":"closed","ping_status":"closed","template":"","meta":{"footnotes":""},"class_list":["post-22042","page","type-page","status-publish","hentry"],"_links":{"self":[{"href":"https:\/\/www.pou-novska.hr\/index.php?rest_route=\/wp\/v2\/pages\/22042","targetHints":{"allow":["GET"]}}],"collection":[{"href":"https:\/\/www.pou-novska.hr\/index.php?rest_route=\/wp\/v2\/pages"}],"about":[{"href":"https:\/\/www.pou-novska.hr\/index.php?rest_route=\/wp\/v2\/types\/page"}],"author":[{"embeddable":true,"href":"https:\/\/www.pou-novska.hr\/index.php?rest_route=\/wp\/v2\/users\/1"}],"replies":[{"embeddable":true,"href":"https:\/\/www.pou-novska.hr\/index.php?rest_route=%2Fwp%2Fv2%2Fcomments&post=22042"}],"version-history":[{"count":5,"href":"https:\/\/www.pou-novska.hr\/index.php?rest_route=\/wp\/v2\/pages\/22042\/revisions"}],"predecessor-version":[{"id":22050,"href":"https:\/\/www.pou-novska.hr\/index.php?rest_route=\/wp\/v2\/pages\/22042\/revisions\/22050"}],"up":[{"embeddable":true,"href":"https:\/\/www.pou-novska.hr\/index.php?rest_route=\/wp\/v2\/pages\/20"}],"wp:attachment":[{"href":"https:\/\/www.pou-novska.hr\/index.php?rest_route=%2Fwp%2Fv2%2Fmedia&parent=22042"}],"curies":[{"name":"wp","href":"https:\/\/api.w.org\/{rel}","templated":true}]}}