{"id":22342,"date":"2020-09-23T09:48:50","date_gmt":"2020-09-23T08:48:50","guid":{"rendered":"http:\/\/www.pou-novska.hr\/?page_id=22342"},"modified":"2020-09-23T10:01:26","modified_gmt":"2020-09-23T09:01:26","slug":"izjava-o-pristupacnosti","status":"publish","type":"page","link":"https:\/\/www.pou-novska.hr\/?page_id=22342","title":{"rendered":"Izjava o pristupa\u010dnosti"},"content":{"rendered":"\n<p><strong>Op\u0107enito<\/strong><br>Pu\u010dko otvoreno u\u010dili\u0161te Novska nastoji svoje mre\u017ene stranice i programska rje\u0161enja u\u010diniti pristupa\u010dnima u skladu sa Zakonom o pristupa\u010dnosti mre\u017enih stranica i programskih rje\u0161enja za pokretne ure\u0111aje tijela javnog sektora Republike Hrvatske (\u201eNarodne novine\u201c, broj 17\/19; dalje u tekstu: Zakon) kojim se prenosi Direktiva (EU) 2016\/2102 Europskog parlamenta i Vije\u0107a od 26. listopada 2016. o pristupa\u010dnosti internetskih stranica i mobilnih aplikacija tijela javnog sektora (SL L 327, 2.12.2016.).<\/p>\n\n\n\n<p>Ova Izjava o pristupa\u010dnosti primjenjuje se na mre\u017eno sjedi\u0161te Pu\u010dkog otvorenog u\u010dili\u0161ta Novska koje se nalazi na adresi <a href=\"http:\/\/www.pou-novska.hr\/\">www.pou-novska.hr <\/a><\/p>\n\n\n\n<p><strong>Status uskla\u0111enosti<\/strong><br>Mre\u017eno sjedi\u0161te <a href=\"http:\/\/www.pou-novska.hr\/\">www.pou-novska.hr<\/a> djelomi\u010dno je uskla\u0111eno sa Zakonom zbog neuskla\u0111enosti koje su navedene u nastavku.<\/p>\n\n\n\n<p><strong>Nepristupa\u010dan sadr\u017eaj<\/strong><br>Sadr\u017eaj naveden u nastavku je nepristupa\u010dan iz razloga:<\/p>\n\n\n\n<p>a) neuskla\u0111enosti sa Zakonom<\/p>\n\n\n\n<ul class=\"wp-block-list\"><li>Pojedine slike na stranici ne sadr\u017ee &lt;alt&gt; atribut ili sadr\u017ee prazan &lt;alt&gt; atribut.<\/li><li>Pojedine slike na stranici ne sadr\u017ee kratak tekstualni opis sadr\u017eaja i funkcije slike.<\/li><li>Pojedine slike na stranici sastoje se od isklju\u010divo tekstualnog sadr\u017eaja.<\/li><li>Nazivi pojedinih poveznica trebali bi konkretnije specificirati sadr\u017eaj koji se iza njih nalazi.<\/li><li>Na stranici se nalaze unutarnje i vanjske poveznice koje vode na nepostoje\u0107i sadr\u017eaj.<\/li><li>Pojedini dokumenti (.pdf, .xls, .doc \u2026) nisu u potpunosti prilago\u0111eni \u010dita\u010du ekrana.<\/li><li>Pojedini PDF dokumenti nisu vidljivi \u010dita\u010du ekrana iz razloga \u0161to su objavljeni u slikovnom obliku koji \u010dita\u010d ekrana ne mo\u017ee pro\u010ditati.<\/li><li>Kontrast na pojedinim dijelovima stranice nije zadovoljavaju\u0107 (na pojedinim slikama koje su i poveznice nalazi se tekst).<\/li><\/ul>\n\n\n\n<p>b) sadr\u017eaj nije obuhva\u0107en podru\u010djem primjene primjenjivog zakonodavstva<\/p>\n\n\n\n<p>Sukladno \u010dlanku 3. Zakona, isti se ne primjenjuje na uredske datoteke objavljene prije 23. rujna 2018. \u010diji sadr\u017eaj nije potreban za postupke u tijeku koje tijelo javnog sektora obavlja u okviru svog djelokruga.<\/p>\n\n\n\n<p>Sukladno \u010dlanku 3. Zakona, isti se ne primjenjuje na prethodno snimljene medijske sadr\u017eaje u obliku audiozapisa, videozapisa, audio i videozapisa, audio i\/ili videozapisa kombiniranih s interakcijom, objavljene prije 23. rujna 2020.<\/p>\n\n\n\n<p>Sukladno \u010dlanku 3. Zakona, isti se ne primjenjuje na sadr\u017eaje tre\u0107ih strana koje tijelo javnog sektora ne financira niti razvija.<\/p>\n\n\n\n<p>Sukladno \u010dlanku 3. Zakona, isti se ne primijenjuje na reprodukcije predmeta iz zbirki ba\u0161tine u privatnom ili javnom vlasni\u0161tvu, od povijesnog, umjetni\u010dkog, arheolo\u0161kog, estetskog, znanstvenog ili tehni\u010dkog zna\u010daja, a dio su zbirki koje se \u010duvaju u ustanovama kulture, ako ne mogu biti u potpunosti pristupa\u010dni zbog neuskla\u0111enosti zahtjeva pristupa\u010dnosti s o\u010duvanjem doti\u010dnog predmeta ili vjerodostojno\u0161\u0107u reprodukcije.<\/p>\n\n\n\n<p>Sukladno \u010dlanku 3. Zakona, isti se ne primijenjuje na sadr\u017eaje mre\u017enih stranica i programskih rje\u0161enja za pokretne ure\u0111aje koji su kvalificirani kao arhiva. Kao arhiva u smislu ovoga Zakona smatraju se sadr\u017eaji koji nisu potrebni za postupke u tijeku niti se a\u017euriraju niti ure\u0111uju nakon 23. rujna 2019.<\/p>\n\n\n\n<p><strong>Izvr\u0161ene prilagodbe na mre\u017enoj stranici<\/strong><\/p>\n\n\n\n<ul class=\"wp-block-list\"><li>Promjena veli\u010dine fonta na stranici.<\/li><li>Poni\u0161tavanje promjene veli\u010dine fonta na stranici.<\/li><li>Olak\u0161ana navigacija putem tipkovnice.<\/li><li>Isticanje poveznica pozadinskom bojom.<\/li><\/ul>\n\n\n\n<p><strong>Omogu\u0107avanje izbornika pristupa\u010dnosti<\/strong><br>Izbornik pristupa\u010dnosti ovog mre\u017enog sjedi\u0161ta aktivira se klikom na ikonu izbornika pristupa\u010dnosti koja se pojavljuje u desnom gornjem kutu stranice. Nakon pokretanja izbornika pristupa\u010dnosti, mo\u017ee se odabrati jedna ili vi\u0161e opcija koje poma\u017eu u pregledavanju i kori\u0161tenju ovog mre\u017enog mjesta.<\/p>\n\n\n\n<p><strong>Podizanje razine pristupa\u010dnosti<\/strong><br>Pu\u010dko otvoreno u\u010dili\u0161te Novska \u0107e kontinuirano raditi na prilagodbi nepristupa\u010dnog sadr\u017eaja svog mre\u017enog sjedi\u0161ta u skladu sa Zakonom.<\/p>\n\n\n\n<p><strong>Priprema ove izjave o pristupa\u010dnosti<\/strong><br>Ova je izjava sastavljena 14. rujna 2020. godine, prema Predlo\u0161ku izjave o pristupa\u010dnosti koji je u skladu s Direktivom (EU) 2016\/2102 Europskog parlamenta i Vije\u0107a o pristupa\u010dnosti internetskih stranica i mobilnih aplikacija tijela javnog sektora, a utvr\u0111en je Provedbenom odlukom Komisije (EU) 2018\/1523.<\/p>\n\n\n\n<p>Procjena uskla\u0111enosti sa zahtjevima pristupa\u010dnosti rezultat je samoprocjene Pu\u010dkog otvorenog u\u010dili\u0161ta Novska.<\/p>\n\n\n\n<p>Izjava je zadnji put preispitana 21. rujna 2020.<\/p>\n\n\n\n<p>Pu\u010dko otvoreno u\u010dili\u0161te Novska \u0107e redovito revidirati ovu izjavu po otklanjanju razloga zbog kojih su pojedini sadr\u017eaji bili nepristupa\u010dni.<\/p>\n\n\n\n<p><strong>Povratne informacije i podaci za kontakt<\/strong><br>Molimo korisnike ove mre\u017ene stranice ako primijete neuskla\u0111en sadr\u017eaj, koji nije obuhva\u0107en ovom izjavom, da o tome obavijeste Pu\u010dko otvoreno u\u010dili\u0161te Novska.<\/p>\n\n\n\n<p>Sve upite i sugestije vezane uz pristupa\u010dnost mre\u017enog sjedi\u0161ta Pu\u010dkog otvorenog u\u010dili\u0161ta Novska korisnici mogu uputiti putem elektroni\u010dke po\u0161te: <a href=\"mailto:dominik@pou-novska.hr\">dominik@pou-novska.hr<\/a><\/p>\n\n\n\n<p><strong>Postupak pra\u0107enja provedbe propisa<\/strong><br>Povjerenik za informiranje Republike Hrvatske je tijelo nadle\u017eno za pra\u0107enje uskla\u0111enosti mre\u017enih stranica i programskih rje\u0161enja za pokretne ure\u0111aje tijela javnog sektora sa zahtjevima pristupa\u010dnosti kao i za nadzor nad provedbom Zakona. Poveznica na mre\u017enu stranicu inspekcijskog nadzora nalazi se na slijede\u0107oj adresi:&nbsp;<a href=\"https:\/\/pristupinfo.hr.\/\">https:\/\/pristupinfo.hr.<\/a><\/p>\n\n\n\n<p>U slu\u010daju nezadovoljavaju\u0107ih odgovora na obavijest ili zahtjev za povratne informacije o pristupa\u010dnosti ovih mre\u017enih stranica, korisnici se mogu obratiti Povjereniku za informiranje putem elektroni\u010dke po\u0161te:&nbsp;<a href=\"mailto:pristupacnost@pristupinfo.hr\">pristupacnost@pristupinfo.hr<\/a>.<\/p>\n","protected":false},"excerpt":{"rendered":"<p>Op\u0107enitoPu\u010dko otvoreno u\u010dili\u0161te Novska nastoji svoje mre\u017ene stranice i programska rje\u0161enja u\u010diniti pristupa\u010dnima u skladu sa Zakonom o pristupa\u010dnosti mre\u017enih stranica i programskih rje\u0161enja za pokretne ure\u0111aje tijela javnog sektora Republike Hrvatske (\u201eNarodne novine\u201c, broj 17\/19; dalje u tekstu: Zakon) kojim se prenosi Direktiva (EU) 2016\/2102 Europskog parlamenta i Vije\u0107a od 26. listopada 2016. o [&hellip;]<\/p>\n","protected":false},"author":1,"featured_media":0,"parent":2,"menu_order":7,"comment_status":"closed","ping_status":"closed","template":"","meta":{"footnotes":""},"class_list":["post-22342","page","type-page","status-publish","hentry"],"_links":{"self":[{"href":"https:\/\/www.pou-novska.hr\/index.php?rest_route=\/wp\/v2\/pages\/22342","targetHints":{"allow":["GET"]}}],"collection":[{"href":"https:\/\/www.pou-novska.hr\/index.php?rest_route=\/wp\/v2\/pages"}],"about":[{"href":"https:\/\/www.pou-novska.hr\/index.php?rest_route=\/wp\/v2\/types\/page"}],"author":[{"embeddable":true,"href":"https:\/\/www.pou-novska.hr\/index.php?rest_route=\/wp\/v2\/users\/1"}],"replies":[{"embeddable":true,"href":"https:\/\/www.pou-novska.hr\/index.php?rest_route=%2Fwp%2Fv2%2Fcomments&post=22342"}],"version-history":[{"count":4,"href":"https:\/\/www.pou-novska.hr\/index.php?rest_route=\/wp\/v2\/pages\/22342\/revisions"}],"predecessor-version":[{"id":22347,"href":"https:\/\/www.pou-novska.hr\/index.php?rest_route=\/wp\/v2\/pages\/22342\/revisions\/22347"}],"up":[{"embeddable":true,"href":"https:\/\/www.pou-novska.hr\/index.php?rest_route=\/wp\/v2\/pages\/2"}],"wp:attachment":[{"href":"https:\/\/www.pou-novska.hr\/index.php?rest_route=%2Fwp%2Fv2%2Fmedia&parent=22342"}],"curies":[{"name":"wp","href":"https:\/\/api.w.org\/{rel}","templated":true}]}}