{"id":23,"date":"2009-09-11T15:03:03","date_gmt":"2009-09-11T13:03:03","guid":{"rendered":"http:\/\/pou-novska.hr.lin6.c-a.hr\/?page_id=23"},"modified":"2020-06-05T08:01:01","modified_gmt":"2020-06-05T07:01:01","slug":"prodavac","status":"publish","type":"page","link":"https:\/\/www.pou-novska.hr\/?page_id=23","title":{"rendered":"Prodava\u010d\/ica"},"content":{"rendered":"\n<div class=\"wp-block-image\"><figure class=\"alignleft is-resized\"><img loading=\"lazy\" decoding=\"async\" src=\"http:\/\/www.pou-novska.hr\/wp-content\/uploads\/2009\/09\/prodavac.jpg\" alt=\"\" class=\"wp-image-216\" width=\"230\" height=\"307\" srcset=\"https:\/\/www.pou-novska.hr\/wp-content\/uploads\/2009\/09\/prodavac.jpg 480w, https:\/\/www.pou-novska.hr\/wp-content\/uploads\/2009\/09\/prodavac-225x300.jpg 225w\" sizes=\"auto, (max-width: 230px) 100vw, 230px\" \/><\/figure><\/div>\n\n\n\n<p><strong>SREDNJA \u0160KOLA ZA PRODAVA\u010cA \/ICU <\/strong><\/p>\n\n\n\n<p>Navedeni program mogu\u0107e je upisati sa zavr\u0161enom osnovnom \u0161kolom, s  nekim  od zavr\u0161enih razreda bilo koje srednje \u0161kole, te kao  prekvalifikaciju.<\/p>\n\n\n\n<p>Za detaljne informacije nazovite na 044\/600 500.<\/p>\n\n\n\n<p><strong>Potrebni dokumenti :<\/strong><br>1.&nbsp; rodni list<br>2.&nbsp; svjedod\u017eba zadnjeg zavr\u0161enog razreda<\/p>\n","protected":false},"excerpt":{"rendered":"<p>SREDNJA \u0160KOLA ZA PRODAVA\u010cA \/ICU Navedeni program mogu\u0107e je upisati sa zavr\u0161enom osnovnom \u0161kolom, s nekim od zavr\u0161enih razreda bilo koje srednje \u0161kole, te kao prekvalifikaciju. Za detaljne informacije nazovite na 044\/600 500. Potrebni dokumenti :1.&nbsp; rodni list2.&nbsp; svjedod\u017eba zadnjeg zavr\u0161enog razreda<\/p>\n","protected":false},"author":1,"featured_media":0,"parent":20,"menu_order":14,"comment_status":"closed","ping_status":"open","template":"","meta":{"footnotes":""},"class_list":["post-23","page","type-page","status-publish","hentry"],"_links":{"self":[{"href":"https:\/\/www.pou-novska.hr\/index.php?rest_route=\/wp\/v2\/pages\/23","targetHints":{"allow":["GET"]}}],"collection":[{"href":"https:\/\/www.pou-novska.hr\/index.php?rest_route=\/wp\/v2\/pages"}],"about":[{"href":"https:\/\/www.pou-novska.hr\/index.php?rest_route=\/wp\/v2\/types\/page"}],"author":[{"embeddable":true,"href":"https:\/\/www.pou-novska.hr\/index.php?rest_route=\/wp\/v2\/users\/1"}],"replies":[{"embeddable":true,"href":"https:\/\/www.pou-novska.hr\/index.php?rest_route=%2Fwp%2Fv2%2Fcomments&post=23"}],"version-history":[{"count":66,"href":"https:\/\/www.pou-novska.hr\/index.php?rest_route=\/wp\/v2\/pages\/23\/revisions"}],"predecessor-version":[{"id":22028,"href":"https:\/\/www.pou-novska.hr\/index.php?rest_route=\/wp\/v2\/pages\/23\/revisions\/22028"}],"up":[{"embeddable":true,"href":"https:\/\/www.pou-novska.hr\/index.php?rest_route=\/wp\/v2\/pages\/20"}],"wp:attachment":[{"href":"https:\/\/www.pou-novska.hr\/index.php?rest_route=%2Fwp%2Fv2%2Fmedia&parent=23"}],"curies":[{"name":"wp","href":"https:\/\/api.w.org\/{rel}","templated":true}]}}