{"id":24137,"date":"2022-04-01T12:02:45","date_gmt":"2022-04-01T11:02:45","guid":{"rendered":"http:\/\/www.pou-novska.hr\/?page_id=24137"},"modified":"2022-04-01T12:49:47","modified_gmt":"2022-04-01T11:49:47","slug":"program-obrazovanja-za-stjecanje-mikrokvalifikacijeinternetski-marketing-i-brendiranje","status":"publish","type":"page","link":"https:\/\/www.pou-novska.hr\/?page_id=24137","title":{"rendered":"Program obrazovanja za stjecanje mikrokvalifikacije internetski marketing i brendiranje"},"content":{"rendered":"\n<p><br><strong>Trajanje programa:<\/strong> 225 sati<\/p>\n\n\n\n<p><strong>Uvjeti upisa:<\/strong> Zavr\u0161ena minimalno \u010detverogodi\u0161nja srednja \u0161kola<\/p>\n\n\n\n<p>Nakon uspje\u0161no zavr\u0161enog programa osposobljavanja polaznik stje\u010de javnu ispravu o ste\u010denoj kvalifikaciji koja se upisuje u e-radnu knji\u017eicu.<\/p>\n\n\n\n<p><strong>Vje\u0161tina\/e koju polaznik usvaja programom:<\/strong><\/p>\n\n\n\n<p>1. razlikovati specifi\u010dnosti kanala digitalnog marketinga<\/p>\n\n\n\n<p>2. odrediti pravilnu dru\u0161tvenu mre\u017eu ovisno o proizvodu i\/ili usluzi<\/p>\n\n\n\n<p>3. pripremiti klju\u010dnu informaciju u obliku sa\u017eete vijesti koju treba objaviti i\/ili dijeliti<\/p>\n\n\n\n<p>4. izraditi oglas u skladu s razli\u010ditim kanalima digitalnog marketinga<\/p>\n\n\n\n<p>5. pratiti u\u010dinak ogla\u0161avanja<\/p>\n\n\n\n<p>6. stvoriti uvid u poziciju konkurentskih proizvoda\/usluga u odnosu na vlastite proizvode\/usluge<\/p>\n\n\n\n<p>7. pisano i usmeno komunicirati slijede\u0107i poslovne standarde u pisanoj i usmenoj komunikaciji<\/p>\n\n\n\n<p>8. voditi pregovore u skladu s poslovnim bontonom i pravilima poslovne komunikacije<\/p>\n\n\n\n<p>9. samostalno koristiti suvremene informati\u010dke alate za obradu tablica, teksta i prezentacija.<\/p>\n\n\n\n<p><strong>Opis programa<\/strong><\/p>\n\n\n\n<p>Ovim programom polaznicima \u0107e se omogu\u0107iti stjecanje znanja i vje\u0161tina potrebnih za osmi\u0161ljavanje marketin\u0161ke komunikacije u cilju pove\u0107anja vidljivosti poslovanja i povezivanja s korisnicima kroz digitalne kanale. Uz navedeno, polaznici \u0107e mo\u0107i procijeniti va\u017enost sadr\u017eajnog (content) marketinga u cilju usmjeravanja ciljnoj publici te influencer marketinga kao jednog od oblika ogla\u0161avanja u marketin\u0161koj komunikaciji.<br>Polaznicima \u0107e se omogu\u0107iti i stjecanje znanja i vje\u0161tina potrebnih za primjenu alata i tehnika digitalnog marketinga u svrhu kreiranja internetske marketin\u0161ke kampanje. Zavr\u0161etkom programa polaznici \u0107e mo\u0107i izabrati odgovaraju\u0107e alate i tehnike digitalnog marketinga pogodne za brendiranje i promociju u online okru\u017eenju. Kori\u0161tenjem izabranih alata i tehnika za provedbu, pra\u0107enje i analizu internetskih marketin\u0161kih aktivnosti, polaznici \u0107e mo\u0107i upravljati provedbom internetske marketin\u0161ke kampanje te \u0107e mo\u0107i samostalno izraditi marketin\u0161ku kampanju kori\u0161tenjem nekoliko razli\u010ditih tehnika i alata digitalnog marketinga.<\/p>\n","protected":false},"excerpt":{"rendered":"<p>Trajanje programa: 225 sati Uvjeti upisa: Zavr\u0161ena minimalno \u010detverogodi\u0161nja srednja \u0161kola Nakon uspje\u0161no zavr\u0161enog programa osposobljavanja polaznik stje\u010de javnu ispravu o ste\u010denoj kvalifikaciji koja se upisuje u e-radnu knji\u017eicu. Vje\u0161tina\/e koju polaznik usvaja programom: 1. razlikovati specifi\u010dnosti kanala digitalnog marketinga 2. odrediti pravilnu dru\u0161tvenu mre\u017eu ovisno o proizvodu i\/ili usluzi 3. pripremiti klju\u010dnu informaciju u [&hellip;]<\/p>\n","protected":false},"author":1,"featured_media":0,"parent":20,"menu_order":0,"comment_status":"closed","ping_status":"closed","template":"","meta":{"footnotes":""},"class_list":["post-24137","page","type-page","status-publish","hentry"],"_links":{"self":[{"href":"https:\/\/www.pou-novska.hr\/index.php?rest_route=\/wp\/v2\/pages\/24137","targetHints":{"allow":["GET"]}}],"collection":[{"href":"https:\/\/www.pou-novska.hr\/index.php?rest_route=\/wp\/v2\/pages"}],"about":[{"href":"https:\/\/www.pou-novska.hr\/index.php?rest_route=\/wp\/v2\/types\/page"}],"author":[{"embeddable":true,"href":"https:\/\/www.pou-novska.hr\/index.php?rest_route=\/wp\/v2\/users\/1"}],"replies":[{"embeddable":true,"href":"https:\/\/www.pou-novska.hr\/index.php?rest_route=%2Fwp%2Fv2%2Fcomments&post=24137"}],"version-history":[{"count":4,"href":"https:\/\/www.pou-novska.hr\/index.php?rest_route=\/wp\/v2\/pages\/24137\/revisions"}],"predecessor-version":[{"id":24157,"href":"https:\/\/www.pou-novska.hr\/index.php?rest_route=\/wp\/v2\/pages\/24137\/revisions\/24157"}],"up":[{"embeddable":true,"href":"https:\/\/www.pou-novska.hr\/index.php?rest_route=\/wp\/v2\/pages\/20"}],"wp:attachment":[{"href":"https:\/\/www.pou-novska.hr\/index.php?rest_route=%2Fwp%2Fv2%2Fmedia&parent=24137"}],"curies":[{"name":"wp","href":"https:\/\/api.w.org\/{rel}","templated":true}]}}