{"id":24356,"date":"2022-04-19T06:38:09","date_gmt":"2022-04-19T05:38:09","guid":{"rendered":"http:\/\/www.pou-novska.hr\/?page_id=24356"},"modified":"2026-03-03T10:20:48","modified_gmt":"2026-03-03T09:20:48","slug":"posjet","status":"publish","type":"page","link":"https:\/\/www.pou-novska.hr\/?page_id=24356","title":{"rendered":"Posjet"},"content":{"rendered":"\n<figure class=\"wp-block-image size-large is-resized\"><a href=\"http:\/\/www.pou-novska.hr\/wp-content\/uploads\/2022\/06\/MUZEJ_LOGO_odabir.jpg\"><img loading=\"lazy\" decoding=\"async\" width=\"1024\" height=\"315\" src=\"http:\/\/www.pou-novska.hr\/wp-content\/uploads\/2022\/06\/MUZEJ_LOGO_odabir-1024x315.jpg\" alt=\"\" class=\"wp-image-24621\" srcset=\"https:\/\/www.pou-novska.hr\/wp-content\/uploads\/2022\/06\/MUZEJ_LOGO_odabir-1024x315.jpg 1024w, https:\/\/www.pou-novska.hr\/wp-content\/uploads\/2022\/06\/MUZEJ_LOGO_odabir-300x92.jpg 300w, https:\/\/www.pou-novska.hr\/wp-content\/uploads\/2022\/06\/MUZEJ_LOGO_odabir-768x236.jpg 768w, https:\/\/www.pou-novska.hr\/wp-content\/uploads\/2022\/06\/MUZEJ_LOGO_odabir-1536x472.jpg 1536w, https:\/\/www.pou-novska.hr\/wp-content\/uploads\/2022\/06\/MUZEJ_LOGO_odabir-110x34.jpg 110w, https:\/\/www.pou-novska.hr\/wp-content\/uploads\/2022\/06\/MUZEJ_LOGO_odabir-420x129.jpg 420w, https:\/\/www.pou-novska.hr\/wp-content\/uploads\/2022\/06\/MUZEJ_LOGO_odabir-770x237.jpg 770w, https:\/\/www.pou-novska.hr\/wp-content\/uploads\/2022\/06\/MUZEJ_LOGO_odabir.jpg 1578w\" sizes=\"auto, (max-width: 1024px) 100vw, 1024px\" \/><\/a><\/figure>\n\n\n\n<p>Trg dr. Franje Tu\u0111mana 3<br>44330 Novska<\/p>\n\n\n\n<p><\/p>\n\n\n\n<p>Kontakt:<br>tel. 044\/ 600-500<br>e-mail: <a href=\"mailto:kustos@pou-novska.hr\">kustos@pou-novska.hr<\/a><\/p>\n\n\n\n<p><\/p>\n\n\n\n<p><strong>Radno vrijeme zbirke:<\/strong><\/p>\n\n\n\n<p>PONEDJELJAK \u2013 PETAK: 8 \u2013 15 sati<br>SUBOTA I NEDJELJA: po dogovoru uz najavu<\/p>\n\n\n\n<p>Od 2. o\u017eujka 2026. godine primjenjuje se idu\u0107i <strong>cjenik <\/strong>za posjet muzeju:<\/p>\n\n\n\n<p><strong>Odrasli: 2,00 \u20ac <\/strong><\/p>\n\n\n\n<p><strong>Djeca do 14 godina: 1,00 \u20ac<\/strong><\/p>\n\n\n\n<p>Za sve posjetitelje dostupan je besplatan parking.<\/p>\n\n\n\n<p>Zbirka je smje\u0161tena u prostorijama Pu\u010dkog otvorenog u\u010dili\u0161ta Novska u samom sredi\u0161tu grada, a ulaz se nalazi sa stra\u017enje strane zgrade.<\/p>\n","protected":false},"excerpt":{"rendered":"<p>Trg dr. Franje Tu\u0111mana 344330 Novska Kontakt:tel. 044\/ 600-500e-mail: kustos@pou-novska.hr Radno vrijeme zbirke: PONEDJELJAK \u2013 PETAK: 8 \u2013 15 satiSUBOTA I NEDJELJA: po dogovoru uz najavu Od 2. o\u017eujka 2026. godine primjenjuje se idu\u0107i cjenik za posjet muzeju: Odrasli: 2,00 \u20ac Djeca do 14 godina: 1,00 \u20ac Za sve posjetitelje dostupan je besplatan parking. Zbirka [&hellip;]<\/p>\n","protected":false},"author":1,"featured_media":0,"parent":21784,"menu_order":2,"comment_status":"closed","ping_status":"closed","template":"","meta":{"footnotes":""},"class_list":["post-24356","page","type-page","status-publish","hentry"],"_links":{"self":[{"href":"https:\/\/www.pou-novska.hr\/index.php?rest_route=\/wp\/v2\/pages\/24356","targetHints":{"allow":["GET"]}}],"collection":[{"href":"https:\/\/www.pou-novska.hr\/index.php?rest_route=\/wp\/v2\/pages"}],"about":[{"href":"https:\/\/www.pou-novska.hr\/index.php?rest_route=\/wp\/v2\/types\/page"}],"author":[{"embeddable":true,"href":"https:\/\/www.pou-novska.hr\/index.php?rest_route=\/wp\/v2\/users\/1"}],"replies":[{"embeddable":true,"href":"https:\/\/www.pou-novska.hr\/index.php?rest_route=%2Fwp%2Fv2%2Fcomments&post=24356"}],"version-history":[{"count":6,"href":"https:\/\/www.pou-novska.hr\/index.php?rest_route=\/wp\/v2\/pages\/24356\/revisions"}],"predecessor-version":[{"id":29906,"href":"https:\/\/www.pou-novska.hr\/index.php?rest_route=\/wp\/v2\/pages\/24356\/revisions\/29906"}],"up":[{"embeddable":true,"href":"https:\/\/www.pou-novska.hr\/index.php?rest_route=\/wp\/v2\/pages\/21784"}],"wp:attachment":[{"href":"https:\/\/www.pou-novska.hr\/index.php?rest_route=%2Fwp%2Fv2%2Fmedia&parent=24356"}],"curies":[{"name":"wp","href":"https:\/\/api.w.org\/{rel}","templated":true}]}}