{"id":24360,"date":"2022-04-19T06:39:16","date_gmt":"2022-04-19T05:39:16","guid":{"rendered":"http:\/\/www.pou-novska.hr\/?page_id=24360"},"modified":"2022-07-14T10:02:42","modified_gmt":"2022-07-14T09:02:42","slug":"radionice","status":"publish","type":"page","link":"https:\/\/www.pou-novska.hr\/?page_id=24360","title":{"rendered":"Radionice"},"content":{"rendered":"\n<p>&#8220;<strong>Muzej u stripu<\/strong>&#8220;<\/p>\n\n\n\n<p>Za najavljene grupne posjete muzeju dostupna je radionica \u010diji je cilj upoznavanje djece, mladih i odraslih sa stalnim postavom Muzejske zavi\u010dajne zbirke grada Novske kroz tzv. devetu umjetnost: strip. Posjetitelji \u0107e uz stru\u010dno vodstvo imati priliku saznati vi\u0161e o novljanskoj povijesti, obra\u0107aju\u0107i pa\u017enju na predmete koji se nalaze u zbirci i njihovu namjenu. Po zavr\u0161etku obilaska, sudionici \u0107e dobiti zadatak da odaberu neke od njima najzanimljivijih predmeta iz zbirke, koje \u0107e zatim morati preto\u010diti u radnju vlastitog kra\u0107eg stripa.<\/p>\n\n\n\n<p>Trajanje radionice: max. 2 sata<\/p>\n\n\n\n<p>Posjet muzeju i radionica su besplatni, no zbog ograni\u010denog prostora potrebna je najava na e-mail <a href=\"mailto:kustos@pou-novska.hr\">kustos@pou-novska.hr<\/a> ili na broj telefona 044\/ 600-500.<\/p>\n\n\n\n<figure class=\"wp-block-gallery has-nested-images columns-default is-cropped wp-block-gallery-1 is-layout-flex wp-block-gallery-is-layout-flex\">\n<figure class=\"wp-block-image size-large\"><a href=\"http:\/\/www.pou-novska.hr\/wp-content\/uploads\/2022\/07\/DSC01303-1.jpg\"><img loading=\"lazy\" decoding=\"async\" width=\"1024\" height=\"684\" data-id=\"24829\" src=\"http:\/\/www.pou-novska.hr\/wp-content\/uploads\/2022\/07\/DSC01303-1-1024x684.jpg\" alt=\"\" class=\"wp-image-24829\" srcset=\"https:\/\/www.pou-novska.hr\/wp-content\/uploads\/2022\/07\/DSC01303-1-1024x684.jpg 1024w, https:\/\/www.pou-novska.hr\/wp-content\/uploads\/2022\/07\/DSC01303-1-300x200.jpg 300w, https:\/\/www.pou-novska.hr\/wp-content\/uploads\/2022\/07\/DSC01303-1-768x513.jpg 768w, https:\/\/www.pou-novska.hr\/wp-content\/uploads\/2022\/07\/DSC01303-1-110x73.jpg 110w, https:\/\/www.pou-novska.hr\/wp-content\/uploads\/2022\/07\/DSC01303-1-420x281.jpg 420w, https:\/\/www.pou-novska.hr\/wp-content\/uploads\/2022\/07\/DSC01303-1-644x430.jpg 644w, https:\/\/www.pou-novska.hr\/wp-content\/uploads\/2022\/07\/DSC01303-1.jpg 1060w\" sizes=\"auto, (max-width: 1024px) 100vw, 1024px\" \/><\/a><\/figure>\n\n\n\n<figure class=\"wp-block-image size-large\"><a href=\"http:\/\/www.pou-novska.hr\/wp-content\/uploads\/2022\/07\/DSC01245.jpg\"><img loading=\"lazy\" decoding=\"async\" width=\"1024\" height=\"684\" data-id=\"24830\" src=\"http:\/\/www.pou-novska.hr\/wp-content\/uploads\/2022\/07\/DSC01245-1024x684.jpg\" alt=\"\" class=\"wp-image-24830\" srcset=\"https:\/\/www.pou-novska.hr\/wp-content\/uploads\/2022\/07\/DSC01245-1024x684.jpg 1024w, https:\/\/www.pou-novska.hr\/wp-content\/uploads\/2022\/07\/DSC01245-300x200.jpg 300w, https:\/\/www.pou-novska.hr\/wp-content\/uploads\/2022\/07\/DSC01245-768x513.jpg 768w, https:\/\/www.pou-novska.hr\/wp-content\/uploads\/2022\/07\/DSC01245-110x73.jpg 110w, https:\/\/www.pou-novska.hr\/wp-content\/uploads\/2022\/07\/DSC01245-420x281.jpg 420w, https:\/\/www.pou-novska.hr\/wp-content\/uploads\/2022\/07\/DSC01245-644x430.jpg 644w, https:\/\/www.pou-novska.hr\/wp-content\/uploads\/2022\/07\/DSC01245.jpg 1060w\" sizes=\"auto, (max-width: 1024px) 100vw, 1024px\" \/><\/a><\/figure>\n<\/figure>\n","protected":false},"excerpt":{"rendered":"<p>&#8220;Muzej u stripu&#8220; Za najavljene grupne posjete muzeju dostupna je radionica \u010diji je cilj upoznavanje djece, mladih i odraslih sa stalnim postavom Muzejske zavi\u010dajne zbirke grada Novske kroz tzv. devetu umjetnost: strip. Posjetitelji \u0107e uz stru\u010dno vodstvo imati priliku saznati vi\u0161e o novljanskoj povijesti, obra\u0107aju\u0107i pa\u017enju na predmete koji se nalaze u zbirci i njihovu [&hellip;]<\/p>\n","protected":false},"author":1,"featured_media":0,"parent":21784,"menu_order":4,"comment_status":"closed","ping_status":"closed","template":"","meta":{"footnotes":""},"class_list":["post-24360","page","type-page","status-publish","hentry"],"_links":{"self":[{"href":"https:\/\/www.pou-novska.hr\/index.php?rest_route=\/wp\/v2\/pages\/24360","targetHints":{"allow":["GET"]}}],"collection":[{"href":"https:\/\/www.pou-novska.hr\/index.php?rest_route=\/wp\/v2\/pages"}],"about":[{"href":"https:\/\/www.pou-novska.hr\/index.php?rest_route=\/wp\/v2\/types\/page"}],"author":[{"embeddable":true,"href":"https:\/\/www.pou-novska.hr\/index.php?rest_route=\/wp\/v2\/users\/1"}],"replies":[{"embeddable":true,"href":"https:\/\/www.pou-novska.hr\/index.php?rest_route=%2Fwp%2Fv2%2Fcomments&post=24360"}],"version-history":[{"count":5,"href":"https:\/\/www.pou-novska.hr\/index.php?rest_route=\/wp\/v2\/pages\/24360\/revisions"}],"predecessor-version":[{"id":24831,"href":"https:\/\/www.pou-novska.hr\/index.php?rest_route=\/wp\/v2\/pages\/24360\/revisions\/24831"}],"up":[{"embeddable":true,"href":"https:\/\/www.pou-novska.hr\/index.php?rest_route=\/wp\/v2\/pages\/21784"}],"wp:attachment":[{"href":"https:\/\/www.pou-novska.hr\/index.php?rest_route=%2Fwp%2Fv2%2Fmedia&parent=24360"}],"curies":[{"name":"wp","href":"https:\/\/api.w.org\/{rel}","templated":true}]}}