{"id":24371,"date":"2022-04-19T06:45:40","date_gmt":"2022-04-19T05:45:40","guid":{"rendered":"http:\/\/www.pou-novska.hr\/?page_id=24371"},"modified":"2022-04-19T07:13:14","modified_gmt":"2022-04-19T06:13:14","slug":"newsletter-muzeja","status":"publish","type":"page","link":"https:\/\/www.pou-novska.hr\/?page_id=24371","title":{"rendered":"Newsletter muzeja"},"content":{"rendered":"\n<p>Ukoliko \u017eelite primati obavijesti o aktualnim izlo\u017ebama, radionicama i drugim aktivnostima vezanim uz muzejsku djelatnost zbirke i u\u010dili\u0161ta, javite nam se na e-mail: <a href=\"mailto:kustos@pou-novska.hr\">kustos@pou-novska.hr<\/a><\/p>\n","protected":false},"excerpt":{"rendered":"<p>Ukoliko \u017eelite primati obavijesti o aktualnim izlo\u017ebama, radionicama i drugim aktivnostima vezanim uz muzejsku djelatnost zbirke i u\u010dili\u0161ta, javite nam se na e-mail: kustos@pou-novska.hr<\/p>\n","protected":false},"author":1,"featured_media":0,"parent":21784,"menu_order":6,"comment_status":"closed","ping_status":"closed","template":"","meta":{"footnotes":""},"class_list":["post-24371","page","type-page","status-publish","hentry"],"_links":{"self":[{"href":"https:\/\/www.pou-novska.hr\/index.php?rest_route=\/wp\/v2\/pages\/24371","targetHints":{"allow":["GET"]}}],"collection":[{"href":"https:\/\/www.pou-novska.hr\/index.php?rest_route=\/wp\/v2\/pages"}],"about":[{"href":"https:\/\/www.pou-novska.hr\/index.php?rest_route=\/wp\/v2\/types\/page"}],"author":[{"embeddable":true,"href":"https:\/\/www.pou-novska.hr\/index.php?rest_route=\/wp\/v2\/users\/1"}],"replies":[{"embeddable":true,"href":"https:\/\/www.pou-novska.hr\/index.php?rest_route=%2Fwp%2Fv2%2Fcomments&post=24371"}],"version-history":[{"count":2,"href":"https:\/\/www.pou-novska.hr\/index.php?rest_route=\/wp\/v2\/pages\/24371\/revisions"}],"predecessor-version":[{"id":24381,"href":"https:\/\/www.pou-novska.hr\/index.php?rest_route=\/wp\/v2\/pages\/24371\/revisions\/24381"}],"up":[{"embeddable":true,"href":"https:\/\/www.pou-novska.hr\/index.php?rest_route=\/wp\/v2\/pages\/21784"}],"wp:attachment":[{"href":"https:\/\/www.pou-novska.hr\/index.php?rest_route=%2Fwp%2Fv2%2Fmedia&parent=24371"}],"curies":[{"name":"wp","href":"https:\/\/api.w.org\/{rel}","templated":true}]}}