{"id":26531,"date":"2023-09-07T09:20:39","date_gmt":"2023-09-07T08:20:39","guid":{"rendered":"http:\/\/www.pou-novska.hr\/?page_id=26531"},"modified":"2025-02-11T08:31:07","modified_gmt":"2025-02-11T07:31:07","slug":"upravno-vijece","status":"publish","type":"page","link":"https:\/\/www.pou-novska.hr\/?page_id=26531","title":{"rendered":"Upravno vije\u0107e"},"content":{"rendered":"\n<p><br><strong>UPRAVNO VIJE\u0106E PU\u010cKOG OTVORENOG U\u010cILI\u0160TA NOVSKA<\/strong><\/p>\n\n\n\n<p><strong>Temeljem \u010dlanka 5.c. Zakona o javnoj nabavi (NN 110\/07, 125\/08) obavje\u0161tavamo :<\/strong><\/p>\n\n\n\n<p><strong>Pu\u010dko otvoreno u\u010dili\u0161te Novska u svom upravnom vije\u0107u ima:<\/strong><br>1. predstavnika osniva\u010da Grada Novske,&nbsp; \u017deljko Ga\u0161parovi\u0107, predsjednik<br>2. predstavnika osniva\u010da Grada Novske,&nbsp; Vi\u0161nja Kamber<br>3. predstavnik radnika, Dominik Mitrovi\u0107<\/p>\n\n\n\n<p>\u010clanovi upravnog odbora ne obavljaju upravlja\u010dku djelatnost niti su vlasnici poslovnih udjela, dionica odnosno drugih prava na temelju kojih sudjeluju u upravljanju odnosno u kapitalu bilo kojeg gospodarskog subjekta s vi\u0161e od 20%, stoga nema gospodarskih subjekata s kojima Pu\u010dko otvoreno u\u010dili\u0161te Novska kao javni naru\u010ditelj ne smije sklapati ugovore o javnoj nabavi u smislu \u010dlanka 5.c Zakona<\/p>\n\n\n\n<p><strong>POSLOVNIK O NA\u010cINU RADA UPRAVNOG VIJE\u0106A PU\u010cKOKOG OTVORENOG U\u010cILI\u0160TA NOVSKA<\/strong><\/p>\n\n\n\n<div class=\"wp-block-file\"><a id=\"wp-block-file--media-443da98d-1921-40e4-a1e3-200dea7edb71\" href=\"https:\/\/www.pou-novska.hr\/wp-content\/uploads\/2025\/02\/Poslovnik-o-nacinu-rada-Upravnog-vijeca.pdf\">Poslovnik o na\u010dinu rada Upravnog vije\u0107a<\/a><a href=\"https:\/\/www.pou-novska.hr\/wp-content\/uploads\/2025\/02\/Poslovnik-o-nacinu-rada-Upravnog-vijeca.pdf\" class=\"wp-block-file__button wp-element-button\" download aria-describedby=\"wp-block-file--media-443da98d-1921-40e4-a1e3-200dea7edb71\">Preuzmi<\/a><\/div>\n\n\n\n<p><strong>POZIVI SJEDNICA<\/strong><\/p>\n\n\n\n<div class=\"wp-block-file\"><a id=\"wp-block-file--media-28f8df67-c0bc-4935-a103-98b11e81ba1e\" href=\"http:\/\/www.pou-novska.hr\/wp-content\/uploads\/2023\/09\/19.-sjednica-POZIV.pdf\">19. sjednica &#8211; POZIV<\/a><a href=\"http:\/\/www.pou-novska.hr\/wp-content\/uploads\/2023\/09\/19.-sjednica-POZIV.pdf\" class=\"wp-block-file__button wp-element-button\" download aria-describedby=\"wp-block-file--media-28f8df67-c0bc-4935-a103-98b11e81ba1e\">Preuzmi<\/a><\/div>\n\n\n\n<div class=\"wp-block-file\"><a id=\"wp-block-file--media-33926805-2b14-4e59-a177-dc36aae4ccc2\" href=\"http:\/\/www.pou-novska.hr\/wp-content\/uploads\/2023\/09\/01-POZIV-za-20.-sjednicu.pdf\">20. sjednica &#8211; POZIV<\/a><a href=\"http:\/\/www.pou-novska.hr\/wp-content\/uploads\/2023\/09\/01-POZIV-za-20.-sjednicu.pdf\" class=\"wp-block-file__button wp-element-button\" download aria-describedby=\"wp-block-file--media-33926805-2b14-4e59-a177-dc36aae4ccc2\">Preuzmi<\/a><\/div>\n\n\n\n<div class=\"wp-block-file\"><a id=\"wp-block-file--media-30df46ef-c671-4e2b-95d7-8d8f794eed93\" href=\"http:\/\/www.pou-novska.hr\/wp-content\/uploads\/2023\/09\/01-POZIV-za-21.-sjednicu.pdf\">21. sjednica &#8211; POZIV<\/a><a href=\"http:\/\/www.pou-novska.hr\/wp-content\/uploads\/2023\/09\/01-POZIV-za-21.-sjednicu.pdf\" class=\"wp-block-file__button wp-element-button\" download aria-describedby=\"wp-block-file--media-30df46ef-c671-4e2b-95d7-8d8f794eed93\">Preuzmi<\/a><\/div>\n\n\n\n<div class=\"wp-block-file\"><a id=\"wp-block-file--media-67ece892-652d-498a-8cfc-3eb1c25c869c\" href=\"https:\/\/www.pou-novska.hr\/wp-content\/uploads\/2024\/01\/01-POZIV-za-22.-sjednicu.pdf\">22. sjednica &#8211; POZIV<\/a><a href=\"https:\/\/www.pou-novska.hr\/wp-content\/uploads\/2024\/01\/01-POZIV-za-22.-sjednicu.pdf\" class=\"wp-block-file__button wp-element-button\" download aria-describedby=\"wp-block-file--media-67ece892-652d-498a-8cfc-3eb1c25c869c\">Preuzmi<\/a><\/div>\n\n\n\n<div class=\"wp-block-file\"><a id=\"wp-block-file--media-31950d9d-c67f-4069-a454-3ccd503df906\" href=\"https:\/\/www.pou-novska.hr\/wp-content\/uploads\/2024\/01\/01-POZIV-za-23.-sjednicu.pdf\">23. sjednica- POZIV<\/a><a href=\"https:\/\/www.pou-novska.hr\/wp-content\/uploads\/2024\/01\/01-POZIV-za-23.-sjednicu.pdf\" class=\"wp-block-file__button wp-element-button\" download aria-describedby=\"wp-block-file--media-31950d9d-c67f-4069-a454-3ccd503df906\">Preuzmi<\/a><\/div>\n\n\n\n<div class=\"wp-block-file\"><a id=\"wp-block-file--media-cbe927dc-a578-436a-b98e-26b08c723e8d\" href=\"https:\/\/www.pou-novska.hr\/wp-content\/uploads\/2024\/01\/01-POZIV-za-24.-sjednicu.pdf\">24. sjednica &#8211; POZIV<\/a><a href=\"https:\/\/www.pou-novska.hr\/wp-content\/uploads\/2024\/01\/01-POZIV-za-24.-sjednicu.pdf\" class=\"wp-block-file__button wp-element-button\" download aria-describedby=\"wp-block-file--media-cbe927dc-a578-436a-b98e-26b08c723e8d\">Preuzmi<\/a><\/div>\n\n\n\n<div class=\"wp-block-file\"><a id=\"wp-block-file--media-04a75c64-e47f-4818-95dd-48f0434b5877\" href=\"https:\/\/www.pou-novska.hr\/wp-content\/uploads\/2024\/01\/01-POZIV-za-25.-sjednicu.pdf\">25. sjednica &#8211; POZIV<\/a><a href=\"https:\/\/www.pou-novska.hr\/wp-content\/uploads\/2024\/01\/01-POZIV-za-25.-sjednicu.pdf\" class=\"wp-block-file__button wp-element-button\" download aria-describedby=\"wp-block-file--media-04a75c64-e47f-4818-95dd-48f0434b5877\">Preuzmi<\/a><\/div>\n\n\n\n<div class=\"wp-block-file\"><a id=\"wp-block-file--media-ee41ec91-ecec-4737-91ac-cb7e69bf70fc\" href=\"https:\/\/www.pou-novska.hr\/wp-content\/uploads\/2024\/03\/26.-sjednica-POZIV.pdf\">26. sjednica &#8211; POZIV<\/a><a href=\"https:\/\/www.pou-novska.hr\/wp-content\/uploads\/2024\/03\/26.-sjednica-POZIV.pdf\" class=\"wp-block-file__button wp-element-button\" download aria-describedby=\"wp-block-file--media-ee41ec91-ecec-4737-91ac-cb7e69bf70fc\">Preuzmi<\/a><\/div>\n\n\n\n<div class=\"wp-block-file\"><a id=\"wp-block-file--media-a6da0416-c212-43d4-8d67-777ccb4b5bab\" href=\"https:\/\/www.pou-novska.hr\/wp-content\/uploads\/2024\/03\/27.-sjednica-POZIV.pdf\">27. sjednica &#8211; POZIV<\/a><a href=\"https:\/\/www.pou-novska.hr\/wp-content\/uploads\/2024\/03\/27.-sjednica-POZIV.pdf\" class=\"wp-block-file__button wp-element-button\" download aria-describedby=\"wp-block-file--media-a6da0416-c212-43d4-8d67-777ccb4b5bab\">Preuzmi<\/a><\/div>\n\n\n\n<div class=\"wp-block-file\"><a id=\"wp-block-file--media-8c0f5c89-dfb6-4714-87eb-07ebba42c23d\" href=\"https:\/\/www.pou-novska.hr\/wp-content\/uploads\/2024\/07\/28.-sjednica-poziv.pdf\">28. sjednica &#8211; POZIV<\/a><a href=\"https:\/\/www.pou-novska.hr\/wp-content\/uploads\/2024\/07\/28.-sjednica-poziv.pdf\" class=\"wp-block-file__button wp-element-button\" download aria-describedby=\"wp-block-file--media-8c0f5c89-dfb6-4714-87eb-07ebba42c23d\">Preuzmi<\/a><\/div>\n\n\n\n<div class=\"wp-block-file\"><a id=\"wp-block-file--media-20ae0a9f-9954-4ba5-afe2-d8583e33cff0\" href=\"https:\/\/www.pou-novska.hr\/wp-content\/uploads\/2024\/07\/29.-sjednica-poziv.pdf\">29. sjednica &#8211; POZIV<\/a><a href=\"https:\/\/www.pou-novska.hr\/wp-content\/uploads\/2024\/07\/29.-sjednica-poziv.pdf\" class=\"wp-block-file__button wp-element-button\" download aria-describedby=\"wp-block-file--media-20ae0a9f-9954-4ba5-afe2-d8583e33cff0\">Preuzmi<\/a><\/div>\n\n\n\n<div class=\"wp-block-file\"><a id=\"wp-block-file--media-869198de-c16b-4d97-97eb-c9b70f36b42a\" href=\"https:\/\/www.pou-novska.hr\/wp-content\/uploads\/2024\/07\/30.-sjednica-poziv.pdf\">30. sjednica &#8211; POZIV<\/a><a href=\"https:\/\/www.pou-novska.hr\/wp-content\/uploads\/2024\/07\/30.-sjednica-poziv.pdf\" class=\"wp-block-file__button wp-element-button\" download aria-describedby=\"wp-block-file--media-869198de-c16b-4d97-97eb-c9b70f36b42a\">Preuzmi<\/a><\/div>\n\n\n\n<p><strong>ZAKLJU\u010cCI SJEDNICA<\/strong><\/p>\n\n\n\n<div class=\"wp-block-file\"><a id=\"wp-block-file--media-ced871b5-731f-46f4-a7c8-ecb62a7235a7\" href=\"http:\/\/www.pou-novska.hr\/wp-content\/uploads\/2023\/09\/05-ZAKLJUCAK-s-19.-sjednice.pdf\">19. sjednica &#8211; ZAKLJU\u010cAK<\/a><a href=\"http:\/\/www.pou-novska.hr\/wp-content\/uploads\/2023\/09\/05-ZAKLJUCAK-s-19.-sjednice.pdf\" class=\"wp-block-file__button wp-element-button\" download aria-describedby=\"wp-block-file--media-ced871b5-731f-46f4-a7c8-ecb62a7235a7\">Preuzmi<\/a><\/div>\n\n\n\n<div class=\"wp-block-file\"><a id=\"wp-block-file--media-d4f46249-a793-4f90-88d7-60213a522cad\" href=\"http:\/\/www.pou-novska.hr\/wp-content\/uploads\/2023\/09\/06-ZAKLJUCAK-s-20.-sjednice.pdf\">20. sjednica -ZAKLJU\u010cAK<\/a><a href=\"http:\/\/www.pou-novska.hr\/wp-content\/uploads\/2023\/09\/06-ZAKLJUCAK-s-20.-sjednice.pdf\" class=\"wp-block-file__button wp-element-button\" download aria-describedby=\"wp-block-file--media-d4f46249-a793-4f90-88d7-60213a522cad\">Preuzmi<\/a><\/div>\n\n\n\n<div class=\"wp-block-file\"><a id=\"wp-block-file--media-62911082-da43-4cfe-a4ba-c04762077629\" href=\"http:\/\/www.pou-novska.hr\/wp-content\/uploads\/2023\/09\/06-ZAKLJUCAK-s-21.-sjednice.pdf\">21. sjednica &#8211; ZAKLJU\u010cAK<\/a><a href=\"http:\/\/www.pou-novska.hr\/wp-content\/uploads\/2023\/09\/06-ZAKLJUCAK-s-21.-sjednice.pdf\" class=\"wp-block-file__button wp-element-button\" download aria-describedby=\"wp-block-file--media-62911082-da43-4cfe-a4ba-c04762077629\">Preuzmi<\/a><\/div>\n\n\n\n<div class=\"wp-block-file\"><a id=\"wp-block-file--media-ae895aa2-9d37-4092-9869-b1b3e3249ea0\" href=\"https:\/\/www.pou-novska.hr\/wp-content\/uploads\/2024\/01\/07-ZAKLJUCAK-s-22.-sjednice.pdf\">22. sjednica &#8211; ZAKLJU\u010cAK<\/a><a href=\"https:\/\/www.pou-novska.hr\/wp-content\/uploads\/2024\/01\/07-ZAKLJUCAK-s-22.-sjednice.pdf\" class=\"wp-block-file__button wp-element-button\" download aria-describedby=\"wp-block-file--media-ae895aa2-9d37-4092-9869-b1b3e3249ea0\">Preuzmi<\/a><\/div>\n\n\n\n<div class=\"wp-block-file\"><a id=\"wp-block-file--media-0c509da7-6c13-4be2-8ef2-abb43448775f\" href=\"https:\/\/www.pou-novska.hr\/wp-content\/uploads\/2024\/01\/07-ZAKLJUCAK-s-23.-sjednice.pdf\">23. sjednica &#8211; ZAKLJU\u010cAK<\/a><a href=\"https:\/\/www.pou-novska.hr\/wp-content\/uploads\/2024\/01\/07-ZAKLJUCAK-s-23.-sjednice.pdf\" class=\"wp-block-file__button wp-element-button\" download aria-describedby=\"wp-block-file--media-0c509da7-6c13-4be2-8ef2-abb43448775f\">Preuzmi<\/a><\/div>\n\n\n\n<div class=\"wp-block-file\"><a id=\"wp-block-file--media-9bae3ed0-b8d6-40a1-ab91-1804e24501e4\" href=\"https:\/\/www.pou-novska.hr\/wp-content\/uploads\/2024\/01\/07-ZAKLJUCAK-s-24.-sjednice.pdf\">24. sjednica &#8211; ZAKLJU\u010cAK<\/a><a href=\"https:\/\/www.pou-novska.hr\/wp-content\/uploads\/2024\/01\/07-ZAKLJUCAK-s-24.-sjednice.pdf\" class=\"wp-block-file__button wp-element-button\" download aria-describedby=\"wp-block-file--media-9bae3ed0-b8d6-40a1-ab91-1804e24501e4\">Preuzmi<\/a><\/div>\n\n\n\n<div class=\"wp-block-file\"><a id=\"wp-block-file--media-f45affca-8bd4-44dc-a64d-0156fa2064e8\" href=\"https:\/\/www.pou-novska.hr\/wp-content\/uploads\/2024\/01\/07-ZAKLJUCAK-sa-25.-sjednice.pdf\">25. sjednica &#8211; ZAKLJU\u010cAK<\/a><a href=\"https:\/\/www.pou-novska.hr\/wp-content\/uploads\/2024\/01\/07-ZAKLJUCAK-sa-25.-sjednice.pdf\" class=\"wp-block-file__button wp-element-button\" download aria-describedby=\"wp-block-file--media-f45affca-8bd4-44dc-a64d-0156fa2064e8\">Preuzmi<\/a><\/div>\n\n\n\n<div class=\"wp-block-file\"><a id=\"wp-block-file--media-dadcea10-7393-4cdb-a75f-0398879c4c08\" href=\"https:\/\/www.pou-novska.hr\/wp-content\/uploads\/2024\/03\/26.-sjednica-ZAKLJUCAK.pdf\">26. sjednica &#8211; ZAKLJU\u010cAK<\/a><a href=\"https:\/\/www.pou-novska.hr\/wp-content\/uploads\/2024\/03\/26.-sjednica-ZAKLJUCAK.pdf\" class=\"wp-block-file__button wp-element-button\" download aria-describedby=\"wp-block-file--media-dadcea10-7393-4cdb-a75f-0398879c4c08\">Preuzmi<\/a><\/div>\n\n\n\n<div class=\"wp-block-file\"><a id=\"wp-block-file--media-bd667507-574d-4b3a-954d-39c1572d2ea4\" href=\"https:\/\/www.pou-novska.hr\/wp-content\/uploads\/2024\/03\/27.-sjednica-ZAKLJUCAK.pdf\">27. sjednica &#8211; ZAKLJU\u010cAK<\/a><a href=\"https:\/\/www.pou-novska.hr\/wp-content\/uploads\/2024\/03\/27.-sjednica-ZAKLJUCAK.pdf\" class=\"wp-block-file__button wp-element-button\" download aria-describedby=\"wp-block-file--media-bd667507-574d-4b3a-954d-39c1572d2ea4\">Preuzmi<\/a><\/div>\n\n\n\n<div class=\"wp-block-file\"><a id=\"wp-block-file--media-f0e347ba-1163-4299-8815-b31e53a7e771\" href=\"http:\/\/www.pou-novska.hr\/wp-content\/uploads\/2024\/07\/28.-sjednica-zakljucak.pdf\">28. sjednica &#8211; ZAKLJU\u010cAK<\/a><a href=\"http:\/\/www.pou-novska.hr\/wp-content\/uploads\/2024\/07\/28.-sjednica-zakljucak.pdf\" class=\"wp-block-file__button wp-element-button\" download aria-describedby=\"wp-block-file--media-f0e347ba-1163-4299-8815-b31e53a7e771\">Preuzmi<\/a><\/div>\n\n\n\n<div class=\"wp-block-file\"><a id=\"wp-block-file--media-0e748848-9d52-4c23-be13-f6c5a4efbde7\" href=\"https:\/\/www.pou-novska.hr\/wp-content\/uploads\/2024\/07\/29.-sjednica-zakljucak.pdf\">29. sjednica &#8211; ZAKLJU\u010cAK<\/a><a href=\"https:\/\/www.pou-novska.hr\/wp-content\/uploads\/2024\/07\/29.-sjednica-zakljucak.pdf\" class=\"wp-block-file__button wp-element-button\" download aria-describedby=\"wp-block-file--media-0e748848-9d52-4c23-be13-f6c5a4efbde7\">Preuzmi<\/a><\/div>\n\n\n\n<div class=\"wp-block-file\"><a id=\"wp-block-file--media-585be0f3-6f5f-4519-a4a7-200adace4011\" href=\"http:\/\/www.pou-novska.hr\/wp-content\/uploads\/2024\/07\/30.-sjednica-zakljucak.pdf\">30. sjednica &#8211; ZAKLJU\u010cAK<\/a><a href=\"http:\/\/www.pou-novska.hr\/wp-content\/uploads\/2024\/07\/30.-sjednica-zakljucak.pdf\" class=\"wp-block-file__button wp-element-button\" download aria-describedby=\"wp-block-file--media-585be0f3-6f5f-4519-a4a7-200adace4011\">Preuzmi<\/a><\/div>\n","protected":false},"excerpt":{"rendered":"<p>UPRAVNO VIJE\u0106E PU\u010cKOG OTVORENOG U\u010cILI\u0160TA NOVSKA Temeljem \u010dlanka 5.c. Zakona o javnoj nabavi (NN 110\/07, 125\/08) obavje\u0161tavamo : Pu\u010dko otvoreno u\u010dili\u0161te Novska u svom upravnom vije\u0107u ima:1. predstavnika osniva\u010da Grada Novske,&nbsp; \u017deljko Ga\u0161parovi\u0107, predsjednik2. predstavnika osniva\u010da Grada Novske,&nbsp; Vi\u0161nja Kamber3. predstavnik radnika, Dominik Mitrovi\u0107 \u010clanovi upravnog odbora ne obavljaju upravlja\u010dku djelatnost niti su vlasnici poslovnih [&hellip;]<\/p>\n","protected":false},"author":1,"featured_media":0,"parent":2,"menu_order":6,"comment_status":"closed","ping_status":"closed","template":"","meta":{"footnotes":""},"class_list":["post-26531","page","type-page","status-publish","hentry"],"_links":{"self":[{"href":"https:\/\/www.pou-novska.hr\/index.php?rest_route=\/wp\/v2\/pages\/26531","targetHints":{"allow":["GET"]}}],"collection":[{"href":"https:\/\/www.pou-novska.hr\/index.php?rest_route=\/wp\/v2\/pages"}],"about":[{"href":"https:\/\/www.pou-novska.hr\/index.php?rest_route=\/wp\/v2\/types\/page"}],"author":[{"embeddable":true,"href":"https:\/\/www.pou-novska.hr\/index.php?rest_route=\/wp\/v2\/users\/1"}],"replies":[{"embeddable":true,"href":"https:\/\/www.pou-novska.hr\/index.php?rest_route=%2Fwp%2Fv2%2Fcomments&post=26531"}],"version-history":[{"count":29,"href":"https:\/\/www.pou-novska.hr\/index.php?rest_route=\/wp\/v2\/pages\/26531\/revisions"}],"predecessor-version":[{"id":28479,"href":"https:\/\/www.pou-novska.hr\/index.php?rest_route=\/wp\/v2\/pages\/26531\/revisions\/28479"}],"up":[{"embeddable":true,"href":"https:\/\/www.pou-novska.hr\/index.php?rest_route=\/wp\/v2\/pages\/2"}],"wp:attachment":[{"href":"https:\/\/www.pou-novska.hr\/index.php?rest_route=%2Fwp%2Fv2%2Fmedia&parent=26531"}],"curies":[{"name":"wp","href":"https:\/\/api.w.org\/{rel}","templated":true}]}}