{"id":4,"date":"2009-09-11T13:08:33","date_gmt":"2009-09-11T11:08:33","guid":{"rendered":"http:\/\/pou-novska.hr.lin6.c-a.hr\/?page_id=4"},"modified":"2025-01-10T13:42:04","modified_gmt":"2025-01-10T12:42:04","slug":"kontaktirajte-nas","status":"publish","type":"page","link":"https:\/\/www.pou-novska.hr\/?page_id=4","title":{"rendered":"Kontaktirajte nas"},"content":{"rendered":"\n<p><strong>PU\u010cKO OTVORENO U\u010cILI\u0160TE NOVSKA<\/strong><br>Trg dr. Franje Tu\u0111mana 3<br>44330 Novska<br>tel. 044\/ 600-500<br><a href=\"mailto: info@pou-novska.hr\">info@pou-novska.hr<\/a><br><a href=\"mailto:kino@pou-novska.hr\" target=\"_blank\" rel=\"noreferrer noopener\">kino@pou-novska.hr<\/a><\/p>\n\n\n\n<p>OIB: <strong>87624359246<\/strong><br>IBAN <strong>HR4023400091829300005<\/strong><\/p>\n\n\n\n<figure class=\"wp-block-table\"><table><tbody><tr><td>MIROSLAV PERO\u0160EVI\u0106, dipl. oec.<br><strong>ravnatelj<\/strong> <br>Ured:+385 44 600 500 <a href=\"mailto:miroslav@pou-novska.hr\"><br>miroslav@pou-novska.hr<\/a> <\/td><td> DRAGICA \u0160ENI\u010cNJAK<br><strong>suradnica za obrazovanje<\/strong> <br>Ured: +385 44 600 500<br><a href=\"mailto:dragica@pou-novska.hr\">dragica@pou-novska.hr<\/a> <\/td><\/tr><tr><td>DOMINIK MITROVI\u0106, pristup. inf.<br><strong>administrator sustava, tehni\u010dar, kino<\/strong>, <br><strong>slu\u017ebenik za informiranje<\/strong><br>Ured: +385 44 600 500<br><a href=\"mailto:dominik@pou-novska.hr\">dominik@pou-novska.hr<\/a> <\/td><td>TOMISLAV KORAN<br><strong>suradnik za kulturu,<\/strong><br><strong>slu\u017ebenik za za\u0161titu osobnih podataka<\/strong><br>Ured: +385 44 600 500<br><a href=\"mailto:tomislav@pou-novska.hr\">tomislav@pou-novska.hr<\/a><\/td><\/tr><tr><td>MARIJANA FIJA\u010cKO-RIVI\u0106 <br><strong>administrativna referentica<\/strong><br>Ured: +385 44 600 500 <br><a href=\"mailto:marijana@pou-novska.hr\">marijana@pou-novska.hr<\/a> <\/td><td>\u017dELJKO SAJKO<br><strong>muzejski tehni\u010dar<\/strong><br>Ured: +385 44 600 500 <br><a href=\"mailto:zeljko@pou-novska.hr\">zeljko@pou-novska.hr<\/a> <\/td><\/tr><tr><td><\/td><td>NIKOLA PA\u017dIN, mag. pov. umj.<br><strong>kustos<\/strong><br>Ured: +385 44 600 500 <br><a href=\"mailto:kustos@pou-novska.hr\">kustos@pou-novska.hr<\/a><\/td><\/tr><\/tbody><\/table><\/figure>\n","protected":false},"excerpt":{"rendered":"<p>PU\u010cKO OTVORENO U\u010cILI\u0160TE NOVSKATrg dr. Franje Tu\u0111mana 344330 Novskatel. 044\/ 600-500info@pou-novska.hrkino@pou-novska.hr OIB: 87624359246IBAN HR4023400091829300005 MIROSLAV PERO\u0160EVI\u0106, dipl. oec.ravnatelj Ured:+385 44 600 500 miroslav@pou-novska.hr DRAGICA \u0160ENI\u010cNJAKsuradnica za obrazovanje Ured: +385 44 600 500dragica@pou-novska.hr DOMINIK MITROVI\u0106, pristup. inf.administrator sustava, tehni\u010dar, kino, slu\u017ebenik za informiranjeUred: +385 44 600 500dominik@pou-novska.hr TOMISLAV KORANsuradnik za kulturu,slu\u017ebenik za za\u0161titu osobnih podatakaUred: +385 [&hellip;]<\/p>\n","protected":false},"author":1,"featured_media":0,"parent":2,"menu_order":2,"comment_status":"closed","ping_status":"open","template":"","meta":{"footnotes":""},"class_list":["post-4","page","type-page","status-publish","hentry"],"_links":{"self":[{"href":"https:\/\/www.pou-novska.hr\/index.php?rest_route=\/wp\/v2\/pages\/4","targetHints":{"allow":["GET"]}}],"collection":[{"href":"https:\/\/www.pou-novska.hr\/index.php?rest_route=\/wp\/v2\/pages"}],"about":[{"href":"https:\/\/www.pou-novska.hr\/index.php?rest_route=\/wp\/v2\/types\/page"}],"author":[{"embeddable":true,"href":"https:\/\/www.pou-novska.hr\/index.php?rest_route=\/wp\/v2\/users\/1"}],"replies":[{"embeddable":true,"href":"https:\/\/www.pou-novska.hr\/index.php?rest_route=%2Fwp%2Fv2%2Fcomments&post=4"}],"version-history":[{"count":217,"href":"https:\/\/www.pou-novska.hr\/index.php?rest_route=\/wp\/v2\/pages\/4\/revisions"}],"predecessor-version":[{"id":28323,"href":"https:\/\/www.pou-novska.hr\/index.php?rest_route=\/wp\/v2\/pages\/4\/revisions\/28323"}],"up":[{"embeddable":true,"href":"https:\/\/www.pou-novska.hr\/index.php?rest_route=\/wp\/v2\/pages\/2"}],"wp:attachment":[{"href":"https:\/\/www.pou-novska.hr\/index.php?rest_route=%2Fwp%2Fv2%2Fmedia&parent=4"}],"curies":[{"name":"wp","href":"https:\/\/api.w.org\/{rel}","templated":true}]}}